{"id":7142,"date":"2024-05-21T12:25:34","date_gmt":"2024-05-21T12:25:34","guid":{"rendered":"https:\/\/bucuresti10km.ro\/?page_id=7142"},"modified":"2024-05-21T12:28:19","modified_gmt":"2024-05-21T12:28:19","slug":"hospice-casa-sperantei","status":"publish","type":"page","link":"https:\/\/bucuresti10km.ro\/en\/hospice-casa-sperantei\/","title":{"rendered":"HOSPICE Casa Sperantei"},"content":{"rendered":"<div data-elementor-type=\"wp-page\" data-elementor-id=\"7142\" class=\"elementor elementor-7142\" data-elementor-post-type=\"page\">\n\t\t\t\t<div class=\"elementor-element elementor-element-f7caad9 e-flex e-con-boxed e-con e-parent\" data-id=\"f7caad9\" data-element_type=\"container\">\n\t\t\t\t\t<div class=\"e-con-inner\">\n\t\t\t\t<div class=\"elementor-element elementor-element-2488cdc elementor-widget elementor-widget-image\" data-id=\"2488cdc\" data-element_type=\"widget\" data-widget_type=\"image.default\">\n\t\t\t\t<div class=\"elementor-widget-container\">\n\t\t\t\t\t\t\t\t\t\t\t\t\t<img fetchpriority=\"high\" decoding=\"async\" width=\"505\" height=\"156\" src=\"https:\/\/bucuresti10km.ro\/media\/hospice-1.jpg\" class=\"attachment-large size-large wp-image-7146\" alt=\"\" srcset=\"https:\/\/bucuresti10km.ro\/media\/hospice-1.jpg 505w, https:\/\/bucuresti10km.ro\/media\/hospice-1-300x93.jpg 300w, https:\/\/bucuresti10km.ro\/media\/hospice-1-18x6.jpg 18w\" sizes=\"(max-width: 505px) 100vw, 505px\" \/>\t\t\t\t\t\t\t\t\t\t\t\t\t<\/div>\n\t\t\t\t<\/div>\n\t\t\t\t<div class=\"elementor-element elementor-element-a5cb984 elementor-widget elementor-widget-text-editor\" data-id=\"a5cb984\" data-element_type=\"widget\" data-widget_type=\"text-editor.default\">\n\t\t\t\t<div class=\"elementor-widget-container\">\n\t\t\t\t\t\t\t<p class=\"p1\"><b>Alearg\u0103 pentru SPERAN\u021a\u0102!<\/b><\/p><p class=\"p1\">Fii parte din #TeamHOSPICE pe 29 iunie la BCR Bucharest 10K GRAND PRIX 2024!<\/p><p class=\"p1\">Alearg\u0103 pentru copiii cu boli incurabile care au nevoie disperat\u0103 de alinare. Fiecare pas ne aduce mai aproape de construc\u021bia noului spital de \u00eengrijire paliativ\u0103 pediatric\u0103.<\/p><p class=\"p1\">\u00cen ultimii 32 de ani, HOSPICE Casa Speran\u021bei a oferit suport gratuit \u0219i necondi\u021bionat pentru peste 50.000 de pacien\u021bi, copii \u0219i adul\u021bi cu boli incurabile, dar \u0219i pentru peste 100.000 de apar\u021bin\u0103tori. Pentru c\u0103 fiecare bolnav merit\u0103 alinare, pentru a fi aproape de \u0219i mai mul\u021bi pacien\u021bi, construim un nou spital HOSPICE pentru copii cu boli grave terminale l\u00e2ng\u0103 Bucure\u0219ti<\/p><p class=\"p1\"><b>Fii parte din #TeamHOSPICE!<\/b><\/p><p class=\"p1\">\u00censcrie-te la una dintre curse pe\u00a0<a href=\"http:\/\/team.hospice.ro\/\"><span class=\"s1\">http:\/\/team.hospice.ro\/<\/span><\/a>. D\u0103-le de veste prietenilor t\u0103i \u0219i roag\u0103-i s\u0103 te sus\u021bin\u0103. Cu ajutorul vostru, \u00eengrijirea paliativ\u0103 continu\u0103 s\u0103 aduc\u0103 alinare \u0219i demnitate \u00een vie\u021bile celor \u00eencerca\u021bi.<\/p><p class=\"p1\">Intr\u0103 pe\u00a0<a href=\"http:\/\/team.hospice.ro\/\"><span class=\"s1\">http:\/\/team.hospice.ro\/<\/span><\/a>\u00a0 sau urm\u0103re\u0219te-ne pe paginile noastre sociale pentru a vedea cum po\u021bi face parte din cea mai mare comunitate de alerg\u0103tori din Rom\u00e2nia care sus\u021bine o cauz\u0103 umanitar\u0103.<\/p><p class=\"p1\">Te a\u0219tept\u0103m \u00een ziua cursei la cortul HOSPICE din Pia\u021ba Constitu\u021biei s\u0103 facem \u00eempreun\u0103 pa\u0219i mari pentru speran\u021b\u0103.<\/p><p class=\"p1\">Pentru orice informa\u021bie despre competi\u021bie \u0219i modalit\u0103\u021bile de participare \u0219i de sus\u021binere, ne po\u021bi contacta<\/p><p class=\"p1\">prin e-mail la\u00a0<a href=\"mailto:ana.sulea@hospice.ro\"><span class=\"s1\">ana.sulea@hospice.ro<\/span><\/a>\u00a0sau la num\u0103rul de telefon 0737 300 895.<\/p><p class=\"p3\">\u00a0<\/p><p class=\"p1\"><b>Run for HOPE!<\/b><\/p><p class=\"p1\">Be part of #TeamHOSPICE on June 29<sup>th<\/sup> at the BCR Bucharest 10K GRAND PRIX 2024!<\/p><p class=\"p1\">Run for the children who are in desperate need of relief and care. Each step brings us closer to the construction of the new pediatric palliative care hospital.<\/p><p class=\"p1\">In the past 32 years, HOSPICE Casa Speran\u021bei has offered free and unconditional support for over 50,000 patients- children and adults with an incurable illness. Because every patient deserves hope, because we want to help even more of them, we are building a new HOSPICE hospital for children with a serious terminal illness near Bucharest.<\/p><p class=\"p1\"><b>Be part of #TeamHOSPICE!<\/b><\/p><p class=\"p1\">Sign up for one of the races on <a href=\"http:\/\/team.hospice.ro\/\"><span class=\"s1\">http:\/\/team.hospice.ro\/<\/span><\/a>. Let your friends know and ask them to support you. With your help, palliative care will continue to bring comfort and dignity to the lives of those who are struggling.<\/p><p class=\"p1\">Visit <a href=\"http:\/\/team.hospice.ro\/\"><span class=\"s1\">http:\/\/team.hospice.ro\/<\/span><\/a> or follow us on our social media pages to see how you can be part of the largest community of runners in Romania supporting a humanitarian cause.<\/p><p class=\"p1\">We look forward to seeing you at the HOSPICE tent in Constitution Square on race day to take big steps together for hope.<\/p><p class=\"p1\">For any information about the competition and ways to participate and support, you can contact us at<\/p><p class=\"p1\"><span class=\"s1\"><a href=\"mailto:ana.sulea@hospice.ro\">ana.sulea@hospice.ro<\/a><\/span> \u00a0or +4 0737 300 895.<\/p>\t\t\t\t\t\t<\/div>\n\t\t\t\t<\/div>\n\t\t\t\t\t<\/div>\n\t\t\t\t<\/div>\n\t\t\t\t<\/div>","protected":false},"excerpt":{"rendered":"<p>Alearg\u0103 pentru SPERAN\u021a\u0102! Fii parte din #TeamHOSPICE pe 29 iunie la BCR Bucharest 10K GRAND PRIX 2024! Alearg\u0103 pentru copiii cu boli incurabile care au nevoie disperat\u0103 de alinare. Fiecare pas ne aduce mai aproape de construc\u021bia noului spital de \u00eengrijire paliativ\u0103 pediatric\u0103. \u00cen ultimii 32 de ani, HOSPICE Casa Speran\u021bei a oferit suport gratuit&hellip;&nbsp;<a href=\"https:\/\/bucuresti10km.ro\/en\/hospice-casa-sperantei\/\" rel=\"bookmark\">Read More &raquo;<span class=\"screen-reader-text\">HOSPICE Casa Sperantei<\/span><\/a><\/p>","protected":false},"author":11,"featured_media":0,"parent":0,"menu_order":0,"comment_status":"closed","ping_status":"closed","template":"page-templates\/template-pagebuilder-full-width.php","meta":{"_eb_attr":"","_monsterinsights_skip_tracking":false,"_monsterinsights_sitenote_active":false,"_monsterinsights_sitenote_note":"","_monsterinsights_sitenote_category":0,"neve_meta_sidebar":"","neve_meta_container":"","neve_meta_enable_content_width":"","neve_meta_content_width":0,"neve_meta_title_alignment":"","neve_meta_author_avatar":"","neve_post_elements_order":"","neve_meta_disable_header":"","neve_meta_disable_footer":"","neve_meta_disable_title":"on","neve_meta_reading_time":"","_themeisle_gutenberg_block_has_review":false,"footnotes":""},"class_list":["post-7142","page","type-page","status-publish","hentry"],"yoast_head":"<!-- This site is optimized with the Yoast SEO plugin v23.7 - https:\/\/yoast.com\/wordpress\/plugins\/seo\/ -->\n<title>HOSPICE Casa Sperantei - Bucharest 10K GRAND PRIX | #RunInBucharest<\/title>\n<meta name=\"description\" content=\"\u00cen ultimii 32 de ani, HOSPICE Casa Speran\u021bei a oferit suport gratuit \u0219i necondi\u021bionatpentru peste 50.000 de pacien\u021bi, copii \u0219i adul\u021bi cu boli incurabile, dar \u0219i pentru peste100.000 de apar\u021bin\u0103tori.\" \/>\n<meta name=\"robots\" content=\"index, follow, max-snippet:-1, max-image-preview:large, max-video-preview:-1\" \/>\n<link rel=\"canonical\" href=\"https:\/\/bucuresti10km.ro\/en\/hospice-casa-sperantei\/\" \/>\n<meta property=\"og:locale\" content=\"en_GB\" \/>\n<meta property=\"og:type\" content=\"article\" \/>\n<meta property=\"og:title\" content=\"HOSPICE Casa Sperantei - Bucharest 10K GRAND PRIX | #RunInBucharest\" \/>\n<meta property=\"og:description\" content=\"\u00cen ultimii 32 de ani, HOSPICE Casa Speran\u021bei a oferit suport gratuit \u0219i necondi\u021bionatpentru peste 50.000 de pacien\u021bi, copii \u0219i adul\u021bi cu boli incurabile, dar \u0219i pentru peste100.000 de apar\u021bin\u0103tori.\" \/>\n<meta property=\"og:url\" content=\"https:\/\/bucuresti10km.ro\/en\/hospice-casa-sperantei\/\" \/>\n<meta property=\"og:site_name\" content=\"Bucharest 10K GRAND PRIX | #RunInBucharest\" \/>\n<meta property=\"article:publisher\" content=\"https:\/\/www.facebook.com\/Bucharest10km\/\" \/>\n<meta property=\"article:modified_time\" content=\"2024-05-21T12:28:19+00:00\" \/>\n<meta property=\"og:image\" content=\"https:\/\/bucuresti10km.ro\/media\/hospice-1.jpg\" \/>\n<meta name=\"twitter:card\" content=\"summary_large_image\" \/>\n<meta name=\"twitter:site\" content=\"@runinbucharest\" \/>\n<meta name=\"twitter:label1\" content=\"Estimated reading time\" \/>\n\t<meta name=\"twitter:data1\" content=\"3 minutes\" \/>\n<script type=\"application\/ld+json\" class=\"yoast-schema-graph\">{\"@context\":\"https:\/\/schema.org\",\"@graph\":[{\"@type\":\"WebPage\",\"@id\":\"https:\/\/bucuresti10km.ro\/hospice-casa-sperantei\/\",\"url\":\"https:\/\/bucuresti10km.ro\/hospice-casa-sperantei\/\",\"name\":\"HOSPICE Casa Sperantei - Bucharest 10K GRAND PRIX | #RunInBucharest\",\"isPartOf\":{\"@id\":\"https:\/\/bucuresti10km.ro\/#website\"},\"primaryImageOfPage\":{\"@id\":\"https:\/\/bucuresti10km.ro\/hospice-casa-sperantei\/#primaryimage\"},\"image\":{\"@id\":\"https:\/\/bucuresti10km.ro\/hospice-casa-sperantei\/#primaryimage\"},\"thumbnailUrl\":\"https:\/\/bucuresti10km.ro\/media\/hospice-1.jpg\",\"datePublished\":\"2024-05-21T12:25:34+00:00\",\"dateModified\":\"2024-05-21T12:28:19+00:00\",\"description\":\"\u00cen ultimii 32 de ani, HOSPICE Casa Speran\u021bei a oferit suport gratuit \u0219i necondi\u021bionatpentru peste 50.000 de pacien\u021bi, copii \u0219i adul\u021bi cu boli incurabile, dar \u0219i pentru peste100.000 de apar\u021bin\u0103tori.\",\"breadcrumb\":{\"@id\":\"https:\/\/bucuresti10km.ro\/hospice-casa-sperantei\/#breadcrumb\"},\"inLanguage\":\"en-GB\",\"potentialAction\":[{\"@type\":\"ReadAction\",\"target\":[\"https:\/\/bucuresti10km.ro\/hospice-casa-sperantei\/\"]}]},{\"@type\":\"ImageObject\",\"inLanguage\":\"en-GB\",\"@id\":\"https:\/\/bucuresti10km.ro\/hospice-casa-sperantei\/#primaryimage\",\"url\":\"https:\/\/bucuresti10km.ro\/media\/hospice-1.jpg\",\"contentUrl\":\"https:\/\/bucuresti10km.ro\/media\/hospice-1.jpg\"},{\"@type\":\"BreadcrumbList\",\"@id\":\"https:\/\/bucuresti10km.ro\/hospice-casa-sperantei\/#breadcrumb\",\"itemListElement\":[{\"@type\":\"ListItem\",\"position\":1,\"name\":\"Home\",\"item\":\"https:\/\/bucuresti10km.ro\/\"},{\"@type\":\"ListItem\",\"position\":2,\"name\":\"HOSPICE Casa Sperantei\"}]},{\"@type\":\"WebSite\",\"@id\":\"https:\/\/bucuresti10km.ro\/#website\",\"url\":\"https:\/\/bucuresti10km.ro\/\",\"name\":\"Bucharest 10K GRAND PRIX | #RunInBucharest\",\"description\":\"\",\"publisher\":{\"@id\":\"https:\/\/bucuresti10km.ro\/#organization\"},\"potentialAction\":[{\"@type\":\"SearchAction\",\"target\":{\"@type\":\"EntryPoint\",\"urlTemplate\":\"https:\/\/bucuresti10km.ro\/?s={search_term_string}\"},\"query-input\":{\"@type\":\"PropertyValueSpecification\",\"valueRequired\":true,\"valueName\":\"search_term_string\"}}],\"inLanguage\":\"en-GB\"},{\"@type\":\"Organization\",\"@id\":\"https:\/\/bucuresti10km.ro\/#organization\",\"name\":\"Bucharest Running Club #RunInBucharest\",\"url\":\"https:\/\/bucuresti10km.ro\/\",\"logo\":{\"@type\":\"ImageObject\",\"inLanguage\":\"en-GB\",\"@id\":\"https:\/\/bucuresti10km.ro\/#\/schema\/logo\/image\/\",\"url\":\"http:\/\/bucuresti10km.ro\/media\/rib_300_x_300.png\",\"contentUrl\":\"http:\/\/bucuresti10km.ro\/media\/rib_300_x_300.png\",\"width\":300,\"height\":300,\"caption\":\"Bucharest Running Club #RunInBucharest\"},\"image\":{\"@id\":\"https:\/\/bucuresti10km.ro\/#\/schema\/logo\/image\/\"},\"sameAs\":[\"https:\/\/www.facebook.com\/Bucharest10km\/\",\"https:\/\/x.com\/runinbucharest\",\"https:\/\/www.instagram.com\/runinbucharest\/\",\"https:\/\/www.youtube.com\/channel\/UCzDKuV0tkMe5LSsImaDVt2g\"]}]}<\/script>\n<!-- \/ Yoast SEO plugin. -->","yoast_head_json":{"title":"HOSPICE Casa Sperantei - Bucharest 10K GRAND PRIX | #RunInBucharest","description":"\u00cen ultimii 32 de ani, HOSPICE Casa Speran\u021bei a oferit suport gratuit \u0219i necondi\u021bionatpentru peste 50.000 de pacien\u021bi, copii \u0219i adul\u021bi cu boli incurabile, dar \u0219i pentru peste100.000 de apar\u021bin\u0103tori.","robots":{"index":"index","follow":"follow","max-snippet":"max-snippet:-1","max-image-preview":"max-image-preview:large","max-video-preview":"max-video-preview:-1"},"canonical":"https:\/\/bucuresti10km.ro\/en\/hospice-casa-sperantei\/","og_locale":"en_GB","og_type":"article","og_title":"HOSPICE Casa Sperantei - Bucharest 10K GRAND PRIX | #RunInBucharest","og_description":"\u00cen ultimii 32 de ani, HOSPICE Casa Speran\u021bei a oferit suport gratuit \u0219i necondi\u021bionatpentru peste 50.000 de pacien\u021bi, copii \u0219i adul\u021bi cu boli incurabile, dar \u0219i pentru peste100.000 de apar\u021bin\u0103tori.","og_url":"https:\/\/bucuresti10km.ro\/en\/hospice-casa-sperantei\/","og_site_name":"Bucharest 10K GRAND PRIX | #RunInBucharest","article_publisher":"https:\/\/www.facebook.com\/Bucharest10km\/","article_modified_time":"2024-05-21T12:28:19+00:00","og_image":[{"url":"https:\/\/bucuresti10km.ro\/media\/hospice-1.jpg"}],"twitter_card":"summary_large_image","twitter_site":"@runinbucharest","twitter_misc":{"Estimated reading time":"3 minutes"},"schema":{"@context":"https:\/\/schema.org","@graph":[{"@type":"WebPage","@id":"https:\/\/bucuresti10km.ro\/hospice-casa-sperantei\/","url":"https:\/\/bucuresti10km.ro\/hospice-casa-sperantei\/","name":"HOSPICE Casa Sperantei - Bucharest 10K GRAND PRIX | #RunInBucharest","isPartOf":{"@id":"https:\/\/bucuresti10km.ro\/#website"},"primaryImageOfPage":{"@id":"https:\/\/bucuresti10km.ro\/hospice-casa-sperantei\/#primaryimage"},"image":{"@id":"https:\/\/bucuresti10km.ro\/hospice-casa-sperantei\/#primaryimage"},"thumbnailUrl":"https:\/\/bucuresti10km.ro\/media\/hospice-1.jpg","datePublished":"2024-05-21T12:25:34+00:00","dateModified":"2024-05-21T12:28:19+00:00","description":"\u00cen ultimii 32 de ani, HOSPICE Casa Speran\u021bei a oferit suport gratuit \u0219i necondi\u021bionatpentru peste 50.000 de pacien\u021bi, copii \u0219i adul\u021bi cu boli incurabile, dar \u0219i pentru peste100.000 de apar\u021bin\u0103tori.","breadcrumb":{"@id":"https:\/\/bucuresti10km.ro\/hospice-casa-sperantei\/#breadcrumb"},"inLanguage":"en-GB","potentialAction":[{"@type":"ReadAction","target":["https:\/\/bucuresti10km.ro\/hospice-casa-sperantei\/"]}]},{"@type":"ImageObject","inLanguage":"en-GB","@id":"https:\/\/bucuresti10km.ro\/hospice-casa-sperantei\/#primaryimage","url":"https:\/\/bucuresti10km.ro\/media\/hospice-1.jpg","contentUrl":"https:\/\/bucuresti10km.ro\/media\/hospice-1.jpg"},{"@type":"BreadcrumbList","@id":"https:\/\/bucuresti10km.ro\/hospice-casa-sperantei\/#breadcrumb","itemListElement":[{"@type":"ListItem","position":1,"name":"Home","item":"https:\/\/bucuresti10km.ro\/"},{"@type":"ListItem","position":2,"name":"HOSPICE Casa Sperantei"}]},{"@type":"WebSite","@id":"https:\/\/bucuresti10km.ro\/#website","url":"https:\/\/bucuresti10km.ro\/","name":"Bucharest 10K GRAND PRIX | #RunInBucharest","description":"","publisher":{"@id":"https:\/\/bucuresti10km.ro\/#organization"},"potentialAction":[{"@type":"SearchAction","target":{"@type":"EntryPoint","urlTemplate":"https:\/\/bucuresti10km.ro\/?s={search_term_string}"},"query-input":{"@type":"PropertyValueSpecification","valueRequired":true,"valueName":"search_term_string"}}],"inLanguage":"en-GB"},{"@type":"Organization","@id":"https:\/\/bucuresti10km.ro\/#organization","name":"Bucharest Running Club #RunInBucharest","url":"https:\/\/bucuresti10km.ro\/","logo":{"@type":"ImageObject","inLanguage":"en-GB","@id":"https:\/\/bucuresti10km.ro\/#\/schema\/logo\/image\/","url":"http:\/\/bucuresti10km.ro\/media\/rib_300_x_300.png","contentUrl":"http:\/\/bucuresti10km.ro\/media\/rib_300_x_300.png","width":300,"height":300,"caption":"Bucharest Running Club #RunInBucharest"},"image":{"@id":"https:\/\/bucuresti10km.ro\/#\/schema\/logo\/image\/"},"sameAs":["https:\/\/www.facebook.com\/Bucharest10km\/","https:\/\/x.com\/runinbucharest","https:\/\/www.instagram.com\/runinbucharest\/","https:\/\/www.youtube.com\/channel\/UCzDKuV0tkMe5LSsImaDVt2g"]}]}},"_links":{"self":[{"href":"https:\/\/bucuresti10km.ro\/en\/wp-json\/wp\/v2\/pages\/7142"}],"collection":[{"href":"https:\/\/bucuresti10km.ro\/en\/wp-json\/wp\/v2\/pages"}],"about":[{"href":"https:\/\/bucuresti10km.ro\/en\/wp-json\/wp\/v2\/types\/page"}],"author":[{"embeddable":true,"href":"https:\/\/bucuresti10km.ro\/en\/wp-json\/wp\/v2\/users\/11"}],"replies":[{"embeddable":true,"href":"https:\/\/bucuresti10km.ro\/en\/wp-json\/wp\/v2\/comments?post=7142"}],"version-history":[{"count":4,"href":"https:\/\/bucuresti10km.ro\/en\/wp-json\/wp\/v2\/pages\/7142\/revisions"}],"predecessor-version":[{"id":7149,"href":"https:\/\/bucuresti10km.ro\/en\/wp-json\/wp\/v2\/pages\/7142\/revisions\/7149"}],"wp:attachment":[{"href":"https:\/\/bucuresti10km.ro\/en\/wp-json\/wp\/v2\/media?parent=7142"}],"curies":[{"name":"wp","href":"https:\/\/api.w.org\/{rel}","templated":true}]}}