{"id":6373,"date":"2019-09-24T16:25:00","date_gmt":"2019-09-24T16:25:00","guid":{"rendered":"https:\/\/bucuresti10km.ro\/?page_id=6373"},"modified":"2024-05-21T12:18:07","modified_gmt":"2024-05-21T12:18:07","slug":"united-way-bucharest-10k-grandprix","status":"publish","type":"page","link":"https:\/\/bucuresti10km.ro\/en\/united-way-bucharest-10k-grandprix\/","title":{"rendered":"United Way"},"content":{"rendered":"<div data-elementor-type=\"wp-page\" data-elementor-id=\"6373\" class=\"elementor elementor-6373\" data-elementor-post-type=\"page\">\n\t\t\t\t\t\t<section class=\"elementor-section elementor-top-section elementor-element elementor-element-119cec8 elementor-section-boxed elementor-section-height-default elementor-section-height-default\" data-id=\"119cec8\" data-element_type=\"section\">\n\t\t\t\t\t\t<div class=\"elementor-container elementor-column-gap-default\">\n\t\t\t\t\t<div class=\"elementor-column elementor-col-100 elementor-top-column elementor-element elementor-element-a78d758\" data-id=\"a78d758\" data-element_type=\"column\">\n\t\t\t<div class=\"elementor-widget-wrap elementor-element-populated\">\n\t\t\t\t\t\t<div class=\"elementor-element elementor-element-26a52e6 elementor-widget elementor-widget-heading\" data-id=\"26a52e6\" data-element_type=\"widget\" data-widget_type=\"heading.default\">\n\t\t\t\t<div class=\"elementor-widget-container\">\n\t\t\t<h2 class=\"elementor-heading-title elementor-size-default\">United Way<\/h2>\t\t<\/div>\n\t\t\t\t<\/div>\n\t\t\t\t<div class=\"elementor-element elementor-element-48e3595 elementor-widget elementor-widget-text-editor\" data-id=\"48e3595\" data-element_type=\"widget\" data-widget_type=\"text-editor.default\">\n\t\t\t\t<div class=\"elementor-widget-container\">\n\t\t\t\t\t\t\t<p class=\"p1\"><b>\u00ce\u021bi place s\u0103 alergi? D\u0103 o not\u0103 caritabil\u0103 pasiunii tale!<\/b><\/p><p class=\"p1\"><b>Fondurile str\u00e2nse vor fi direc\u021bionate c\u0103tre proiectul nostru de educa\u021bie \u0219i integrare socio-economic\u0103 \u201eInnomate \u2013 Inova\u021bie pentru viitor\u201d!<\/b><\/p><p class=\"p2\"><b>Despre\u00a0\u201eInnomate \u2013 Inova\u021bie pentru viitor\u201d, <\/b>cauza United Way Rom\u00e2nia:<\/p><p class=\"p2\">Nu este un secret faptul c\u0103 educa\u021bia formal\u0103 din Rom\u00e2nia are dificult\u0103\u021bi \u00een a \u021bine pasul cu vremurile \u0219i nevoile elevilor din clasele terminale. Dac\u0103 p\u0103rin\u021bii au posibilitatea s\u0103 le ofere noi contexte de \u00eenv\u0103\u021bare, ace\u0219tia reu\u0219esc s\u0103 fie competitivi pe pia\u021ba muncii. Dac\u0103 \u00eens\u0103 t\u00e2n\u0103rul vine dintr-un mediu dezavantajat, pierde \u0219ansa de a-\u0219i g\u0103si un serviciu care s\u0103 \u00eel ajute s\u0103 se rup\u0103 din contextul \u00een care a crescut.<\/p><p class=\"p2\">Pia\u021ba actual\u0103 a muncii indic\u0103 o nevoie tot mai mare de abilit\u0103\u021bi \u0219i competen\u021be pe care elevii nu le deprind \u00een \u0219coal\u0103, precum rela\u021bionare \u0219i comunicare, spirit de ini\u021biativ\u0103, planificare, g\u00e2ndire strategic\u0103, rezolvare de probleme, creativitate.<\/p><p class=\"p2\">Pornind de la aceast\u0103 realitate, United Way Rom\u00e2nia desf\u0103\u0219oar\u0103 programul<b>\u00a0InnoMate \u2013 Inova\u021bie pentru viitor care <\/b>se adreseaz\u0103 tinerilor din anii terminali de liceu, afla\u021bi \u00een dezavantaj socio-economic, \u00een situa\u021bie de vulnerabilitate social\u0103 sau cu dificult\u0103\u021bi \u0219colare.<\/p><p class=\"p2\">\u00b7 Programul utilizeaz\u0103 o curricul\u0103 inovativ\u0103, InnoKit, creat\u0103 de United Way, care urm\u0103re\u0219te s\u0103 dezvolte \u00een elevi abilit\u0103\u021bi practice \u0219i competen\u021be esen\u021biale pentru pia\u021ba muncii.<\/p><p class=\"p2\">\u00b7 Cadrele didactice, \u00eenainte de a \u00eencepe lucrul cu elevii din proiect, beneficiaz\u0103 de cursuri de specializare \u00een consiliere voca\u021bional\u0103 \u0219i \u00een utilizarea curriculei InnoKit, ceea ce asigur\u0103 o abordare profesional\u0103 \u0219i eficient\u0103 a programului.<\/p><p class=\"p2\">\u00b7 Elevii primesc sprijin individualizat pentru a-\u0219i identifica interesele, talentele \u0219i aptitudinile, astfel \u00eenc\u00e2t s\u0103-\u0219i poat\u0103 alege cariera potrivit\u0103. \u00cen plus, particip\u0103 la activit\u0103\u021bi de explorare a lumii antreprenoriatului, de cre\u0219tere a spiritului de ini\u021biativ\u0103, creativit\u0103\u021bii \u0219i g\u00e2ndirii strategice.<\/p><p class=\"p3\"><b>Toate acestea pentru a cultiva \u00een elevi noi abilit\u0103\u021bi, care s\u0103 le m\u0103reasc\u0103 \u0219ansele la un loc de munc\u0103 \u0219i, deci, s\u0103-i sprijine \u00een a-\u0219i dep\u0103\u0219i condi\u021bia. \u00a0<\/b><\/p>\t\t\t\t\t\t<\/div>\n\t\t\t\t<\/div>\n\t\t\t\t<div class=\"elementor-element elementor-element-6932df9 elementor-widget elementor-widget-image\" data-id=\"6932df9\" data-element_type=\"widget\" data-widget_type=\"image.default\">\n\t\t\t\t<div class=\"elementor-widget-container\">\n\t\t\t\t\t\t\t\t\t\t\t\t\t<img fetchpriority=\"high\" decoding=\"async\" width=\"1024\" height=\"734\" src=\"https:\/\/bucuresti10km.ro\/media\/SCR-20240405-onro-1024x734.jpeg\" class=\"attachment-large size-large wp-image-7127\" alt=\"\" srcset=\"https:\/\/bucuresti10km.ro\/media\/SCR-20240405-onro-1024x734.jpeg 1024w, https:\/\/bucuresti10km.ro\/media\/SCR-20240405-onro-300x215.jpeg 300w, https:\/\/bucuresti10km.ro\/media\/SCR-20240405-onro-18x12.jpeg 18w, https:\/\/bucuresti10km.ro\/media\/SCR-20240405-onro.jpeg 1396w\" sizes=\"(max-width: 1024px) 100vw, 1024px\" \/>\t\t\t\t\t\t\t\t\t\t\t\t\t<\/div>\n\t\t\t\t<\/div>\n\t\t\t\t<div class=\"elementor-element elementor-element-c357afd elementor-widget elementor-widget-text-editor\" data-id=\"c357afd\" data-element_type=\"widget\" data-widget_type=\"text-editor.default\">\n\t\t\t\t<div class=\"elementor-widget-container\">\n\t\t\t\t\t\t\t<p class=\"p1\"><b>Al\u0103tur\u0103-te echipei de alerg\u0103tori United Way \u0219i haide s\u0103 oferim tinerilor dezavantaja\u021bi noi orizonturi!<\/b><\/p><p class=\"p2\"><b>Cum te po\u021bi implica?<\/b><\/p><p class=\"p2\">Dac\u0103 te-ai hot\u0103r\u00e2t s\u0103 sus\u021bii cauza noastr\u0103, d\u0103-ne un semn. \u00ce\u021bi vom ura <b>Bun venit \u00een echip\u0103!<\/b> \u0219i vei primi toate informa\u021biile necesare.<\/p><p class=\"p2\"><b>Persoana de contact:\u00a0<\/b>Roxana Dui,\u00a0<a href=\"mailto:roxana.dui@unitedway.ro\"><span class=\"s1\">roxana.dui@unitedway.ro<\/span><\/a><\/p><p class=\"p1\">Spune \u0219i celor din jur despre echipa\u00a0United Way Running!<\/p><p class=\"p1\"><b>Numai<\/b>\u00a0<b>\u00eempreun\u0103 putem face o schimbare!<\/b><\/p><p class=\"p2\"><b>Despre United Way:<\/b><\/p><p class=\"p2\">Fiecare om are dreptul la o via\u021b\u0103 decent\u0103: acces la educa\u021bie pentru a ob\u021bine un loc de munc\u0103, o stare de s\u0103n\u0103tate cat mai bun\u0103 \u0219i venituri suficiente pentru a-\u0219i sus\u021bine familia. De aceea, United Way Rom\u00e2nia dezvolt\u0103 \u0219i sus\u021bine programe de\u00a0<b>educa\u021bie, integrare socio-economic\u0103 \u0219i s\u0103n\u0103tate \u2013 pilonii unei comunit\u0103\u021bi prospere<\/b>:<\/p><p class=\"p2\">Acces la\u00a0<b>EDUCA\u021aIE<\/b>\u00a0de calitate<\/p><p class=\"p2\">\u00b7 copiii din familii s\u0103race primesc ajutorul necesar pentru a merge la \u0219coal\u0103 sau gr\u0103dini\u021b\u0103<\/p><p class=\"p2\">\u00b7 p\u0103rin\u021bii particip\u0103 la cursuri de educa\u021bie parental\u0103 \u0219i consiliere psiho-social\u0103<\/p><p class=\"p2\">\u00b7 profesorii \u00ee\u0219i \u00eembun\u0103t\u0103\u021besc metodele de lucru cu copiii vulnerabili<\/p><p class=\"p2\">Acces pe pia\u021ba muncii, pentru un\u00a0<b>VENIT<\/b>\u00a0stabil<\/p><p class=\"p2\">\u00b7 tinerii \u0219i adul\u021bii defavoriza\u021bi \u2013 f\u0103r\u0103 ad\u0103post, mame singure, persoane cu dizabilit\u0103\u021bi, v\u00e2rstnici \u2013 sunt sprijini\u021bi pentru a se integra social \u0219i profesional<\/p><p class=\"p2\">Servicii de\u00a0<b>S\u0102N\u0102TATE<\/b><\/p><p class=\"p2\">\u00b7pacien\u021bii v\u00e2rstnici care sufer\u0103 de boli cronice, cu venituri mici, care nu se pot deplasa, primesc \u00eengrijire la domiciliu (servicii sociale \u0219i de s\u0103n\u0103tate)<\/p><p class=\"p2\">\u00b7copiii, tinerii \u0219i adul\u021bii care provin din familii vulnerabile au acces la servicii psiho-socio-medicale<\/p><p class=\"p2\"><b>Viziunea noastr\u0103<\/b> este aceea a unei lumi \u00een care fiecare comunitate s\u0103 fie puternic\u0103, s\u0103 aib\u0103 locuri de munc\u0103 ce asigur\u0103 un venit decent \u0219i stabil, \u0219coli bune \u0219i un mediu s\u0103n\u0103tos. \u00cen \u00eentreaga lume, implic\u0103m oameni \u0219i organiza\u021bii \u00een solu\u021bii inovatoare care transform\u0103 aceast\u0103 viziune \u00een realitate.<\/p><p class=\"p2\">Pentru a afla mai multe despre noi \u0219i programele pe care le sus\u021binem, accesa\u021bi \u00a0<a href=\"http:\/\/www.unitedway.ro\/\"><span class=\"s1\">www.unitedway.ro<\/span><\/a>\u00a0sau pagina de Facebook <b>United Way Romania<\/b>.<\/p>\t\t\t\t\t\t<\/div>\n\t\t\t\t<\/div>\n\t\t\t\t\t<\/div>\n\t\t<\/div>\n\t\t\t\t\t<\/div>\n\t\t<\/section>\n\t\t\t\t<\/div>","protected":false},"excerpt":{"rendered":"<p>United Way \u00ce\u021bi place s\u0103 alergi? D\u0103 o not\u0103 caritabil\u0103 pasiunii tale! Fondurile str\u00e2nse vor fi direc\u021bionate c\u0103tre proiectul nostru de educa\u021bie \u0219i integrare socio-economic\u0103 \u201eInnomate \u2013 Inova\u021bie pentru viitor\u201d! Despre\u00a0\u201eInnomate \u2013 Inova\u021bie pentru viitor\u201d, cauza United Way Rom\u00e2nia: Nu este un secret faptul c\u0103 educa\u021bia formal\u0103 din Rom\u00e2nia are dificult\u0103\u021bi \u00een a \u021bine pasul&hellip;&nbsp;<a href=\"https:\/\/bucuresti10km.ro\/en\/united-way-bucharest-10k-grandprix\/\" rel=\"bookmark\">Read More &raquo;<span class=\"screen-reader-text\">United Way<\/span><\/a><\/p>","protected":false},"author":11,"featured_media":0,"parent":0,"menu_order":0,"comment_status":"closed","ping_status":"closed","template":"page-templates\/template-pagebuilder-full-width.php","meta":{"_eb_attr":"","_monsterinsights_skip_tracking":false,"_monsterinsights_sitenote_active":false,"_monsterinsights_sitenote_note":"","_monsterinsights_sitenote_category":0,"neve_meta_sidebar":"","neve_meta_container":"","neve_meta_enable_content_width":"","neve_meta_content_width":0,"neve_meta_title_alignment":"","neve_meta_author_avatar":"","neve_post_elements_order":"","neve_meta_disable_header":"","neve_meta_disable_footer":"","neve_meta_disable_title":"","neve_meta_reading_time":"","_themeisle_gutenberg_block_has_review":false,"footnotes":""},"class_list":["post-6373","page","type-page","status-publish","hentry"],"yoast_head":"<!-- This site is optimized with the Yoast SEO plugin v23.7 - https:\/\/yoast.com\/wordpress\/plugins\/seo\/ -->\n<title>United Way - Bucharest 10K GRAND PRIX | #RunInBucharest<\/title>\n<meta name=\"robots\" content=\"index, follow, max-snippet:-1, max-image-preview:large, max-video-preview:-1\" \/>\n<link rel=\"canonical\" href=\"https:\/\/bucuresti10km.ro\/en\/united-way-bucharest-10k-grandprix\/\" \/>\n<meta property=\"og:locale\" content=\"en_GB\" \/>\n<meta property=\"og:type\" content=\"article\" \/>\n<meta property=\"og:title\" content=\"United Way - Bucharest 10K GRAND PRIX | #RunInBucharest\" \/>\n<meta property=\"og:description\" content=\"United Way \u00ce\u021bi place s\u0103 alergi? D\u0103 o not\u0103 caritabil\u0103 pasiunii tale! Fondurile str\u00e2nse vor fi direc\u021bionate c\u0103tre proiectul nostru de educa\u021bie \u0219i integrare socio-economic\u0103 \u201eInnomate \u2013 Inova\u021bie pentru viitor\u201d! Despre\u00a0\u201eInnomate \u2013 Inova\u021bie pentru viitor\u201d, cauza United Way Rom\u00e2nia: Nu este un secret faptul c\u0103 educa\u021bia formal\u0103 din Rom\u00e2nia are dificult\u0103\u021bi \u00een a \u021bine pasul&hellip;&nbsp;Read More &raquo;United Way\" \/>\n<meta property=\"og:url\" content=\"https:\/\/bucuresti10km.ro\/en\/united-way-bucharest-10k-grandprix\/\" \/>\n<meta property=\"og:site_name\" content=\"Bucharest 10K GRAND PRIX | #RunInBucharest\" \/>\n<meta property=\"article:publisher\" content=\"https:\/\/www.facebook.com\/Bucharest10km\/\" \/>\n<meta property=\"article:modified_time\" content=\"2024-05-21T12:18:07+00:00\" \/>\n<meta property=\"og:image\" content=\"https:\/\/bucuresti10km.ro\/media\/SCR-20240405-onro-1024x734.jpeg\" \/>\n<meta name=\"twitter:card\" content=\"summary_large_image\" \/>\n<meta name=\"twitter:site\" content=\"@runinbucharest\" \/>\n<meta name=\"twitter:label1\" content=\"Estimated reading time\" \/>\n\t<meta name=\"twitter:data1\" content=\"3 minutes\" \/>\n<script type=\"application\/ld+json\" class=\"yoast-schema-graph\">{\"@context\":\"https:\/\/schema.org\",\"@graph\":[{\"@type\":\"WebPage\",\"@id\":\"https:\/\/bucuresti10km.ro\/united-way-bucharest-10k-grandprix\/\",\"url\":\"https:\/\/bucuresti10km.ro\/united-way-bucharest-10k-grandprix\/\",\"name\":\"United Way - Bucharest 10K GRAND PRIX | #RunInBucharest\",\"isPartOf\":{\"@id\":\"https:\/\/bucuresti10km.ro\/#website\"},\"primaryImageOfPage\":{\"@id\":\"https:\/\/bucuresti10km.ro\/united-way-bucharest-10k-grandprix\/#primaryimage\"},\"image\":{\"@id\":\"https:\/\/bucuresti10km.ro\/united-way-bucharest-10k-grandprix\/#primaryimage\"},\"thumbnailUrl\":\"https:\/\/bucuresti10km.ro\/media\/SCR-20240405-onro-1024x734.jpeg\",\"datePublished\":\"2019-09-24T16:25:00+00:00\",\"dateModified\":\"2024-05-21T12:18:07+00:00\",\"breadcrumb\":{\"@id\":\"https:\/\/bucuresti10km.ro\/united-way-bucharest-10k-grandprix\/#breadcrumb\"},\"inLanguage\":\"en-GB\",\"potentialAction\":[{\"@type\":\"ReadAction\",\"target\":[\"https:\/\/bucuresti10km.ro\/united-way-bucharest-10k-grandprix\/\"]}]},{\"@type\":\"ImageObject\",\"inLanguage\":\"en-GB\",\"@id\":\"https:\/\/bucuresti10km.ro\/united-way-bucharest-10k-grandprix\/#primaryimage\",\"url\":\"https:\/\/bucuresti10km.ro\/media\/SCR-20240405-onro-1024x734.jpeg\",\"contentUrl\":\"https:\/\/bucuresti10km.ro\/media\/SCR-20240405-onro-1024x734.jpeg\"},{\"@type\":\"BreadcrumbList\",\"@id\":\"https:\/\/bucuresti10km.ro\/united-way-bucharest-10k-grandprix\/#breadcrumb\",\"itemListElement\":[{\"@type\":\"ListItem\",\"position\":1,\"name\":\"Home\",\"item\":\"https:\/\/bucuresti10km.ro\/\"},{\"@type\":\"ListItem\",\"position\":2,\"name\":\"United Way\"}]},{\"@type\":\"WebSite\",\"@id\":\"https:\/\/bucuresti10km.ro\/#website\",\"url\":\"https:\/\/bucuresti10km.ro\/\",\"name\":\"Bucharest 10K GRAND PRIX | #RunInBucharest\",\"description\":\"\",\"publisher\":{\"@id\":\"https:\/\/bucuresti10km.ro\/#organization\"},\"potentialAction\":[{\"@type\":\"SearchAction\",\"target\":{\"@type\":\"EntryPoint\",\"urlTemplate\":\"https:\/\/bucuresti10km.ro\/?s={search_term_string}\"},\"query-input\":{\"@type\":\"PropertyValueSpecification\",\"valueRequired\":true,\"valueName\":\"search_term_string\"}}],\"inLanguage\":\"en-GB\"},{\"@type\":\"Organization\",\"@id\":\"https:\/\/bucuresti10km.ro\/#organization\",\"name\":\"Bucharest Running Club #RunInBucharest\",\"url\":\"https:\/\/bucuresti10km.ro\/\",\"logo\":{\"@type\":\"ImageObject\",\"inLanguage\":\"en-GB\",\"@id\":\"https:\/\/bucuresti10km.ro\/#\/schema\/logo\/image\/\",\"url\":\"http:\/\/bucuresti10km.ro\/media\/rib_300_x_300.png\",\"contentUrl\":\"http:\/\/bucuresti10km.ro\/media\/rib_300_x_300.png\",\"width\":300,\"height\":300,\"caption\":\"Bucharest Running Club #RunInBucharest\"},\"image\":{\"@id\":\"https:\/\/bucuresti10km.ro\/#\/schema\/logo\/image\/\"},\"sameAs\":[\"https:\/\/www.facebook.com\/Bucharest10km\/\",\"https:\/\/x.com\/runinbucharest\",\"https:\/\/www.instagram.com\/runinbucharest\/\",\"https:\/\/www.youtube.com\/channel\/UCzDKuV0tkMe5LSsImaDVt2g\"]}]}<\/script>\n<!-- \/ Yoast SEO plugin. -->","yoast_head_json":{"title":"United Way - Bucharest 10K GRAND PRIX | #RunInBucharest","robots":{"index":"index","follow":"follow","max-snippet":"max-snippet:-1","max-image-preview":"max-image-preview:large","max-video-preview":"max-video-preview:-1"},"canonical":"https:\/\/bucuresti10km.ro\/en\/united-way-bucharest-10k-grandprix\/","og_locale":"en_GB","og_type":"article","og_title":"United Way - Bucharest 10K GRAND PRIX | #RunInBucharest","og_description":"United Way \u00ce\u021bi place s\u0103 alergi? D\u0103 o not\u0103 caritabil\u0103 pasiunii tale! Fondurile str\u00e2nse vor fi direc\u021bionate c\u0103tre proiectul nostru de educa\u021bie \u0219i integrare socio-economic\u0103 \u201eInnomate \u2013 Inova\u021bie pentru viitor\u201d! Despre\u00a0\u201eInnomate \u2013 Inova\u021bie pentru viitor\u201d, cauza United Way Rom\u00e2nia: Nu este un secret faptul c\u0103 educa\u021bia formal\u0103 din Rom\u00e2nia are dificult\u0103\u021bi \u00een a \u021bine pasul&hellip;&nbsp;Read More &raquo;United Way","og_url":"https:\/\/bucuresti10km.ro\/en\/united-way-bucharest-10k-grandprix\/","og_site_name":"Bucharest 10K GRAND PRIX | #RunInBucharest","article_publisher":"https:\/\/www.facebook.com\/Bucharest10km\/","article_modified_time":"2024-05-21T12:18:07+00:00","og_image":[{"url":"https:\/\/bucuresti10km.ro\/media\/SCR-20240405-onro-1024x734.jpeg"}],"twitter_card":"summary_large_image","twitter_site":"@runinbucharest","twitter_misc":{"Estimated reading time":"3 minutes"},"schema":{"@context":"https:\/\/schema.org","@graph":[{"@type":"WebPage","@id":"https:\/\/bucuresti10km.ro\/united-way-bucharest-10k-grandprix\/","url":"https:\/\/bucuresti10km.ro\/united-way-bucharest-10k-grandprix\/","name":"United Way - Bucharest 10K GRAND PRIX | #RunInBucharest","isPartOf":{"@id":"https:\/\/bucuresti10km.ro\/#website"},"primaryImageOfPage":{"@id":"https:\/\/bucuresti10km.ro\/united-way-bucharest-10k-grandprix\/#primaryimage"},"image":{"@id":"https:\/\/bucuresti10km.ro\/united-way-bucharest-10k-grandprix\/#primaryimage"},"thumbnailUrl":"https:\/\/bucuresti10km.ro\/media\/SCR-20240405-onro-1024x734.jpeg","datePublished":"2019-09-24T16:25:00+00:00","dateModified":"2024-05-21T12:18:07+00:00","breadcrumb":{"@id":"https:\/\/bucuresti10km.ro\/united-way-bucharest-10k-grandprix\/#breadcrumb"},"inLanguage":"en-GB","potentialAction":[{"@type":"ReadAction","target":["https:\/\/bucuresti10km.ro\/united-way-bucharest-10k-grandprix\/"]}]},{"@type":"ImageObject","inLanguage":"en-GB","@id":"https:\/\/bucuresti10km.ro\/united-way-bucharest-10k-grandprix\/#primaryimage","url":"https:\/\/bucuresti10km.ro\/media\/SCR-20240405-onro-1024x734.jpeg","contentUrl":"https:\/\/bucuresti10km.ro\/media\/SCR-20240405-onro-1024x734.jpeg"},{"@type":"BreadcrumbList","@id":"https:\/\/bucuresti10km.ro\/united-way-bucharest-10k-grandprix\/#breadcrumb","itemListElement":[{"@type":"ListItem","position":1,"name":"Home","item":"https:\/\/bucuresti10km.ro\/"},{"@type":"ListItem","position":2,"name":"United Way"}]},{"@type":"WebSite","@id":"https:\/\/bucuresti10km.ro\/#website","url":"https:\/\/bucuresti10km.ro\/","name":"Bucharest 10K GRAND PRIX | #RunInBucharest","description":"","publisher":{"@id":"https:\/\/bucuresti10km.ro\/#organization"},"potentialAction":[{"@type":"SearchAction","target":{"@type":"EntryPoint","urlTemplate":"https:\/\/bucuresti10km.ro\/?s={search_term_string}"},"query-input":{"@type":"PropertyValueSpecification","valueRequired":true,"valueName":"search_term_string"}}],"inLanguage":"en-GB"},{"@type":"Organization","@id":"https:\/\/bucuresti10km.ro\/#organization","name":"Bucharest Running Club #RunInBucharest","url":"https:\/\/bucuresti10km.ro\/","logo":{"@type":"ImageObject","inLanguage":"en-GB","@id":"https:\/\/bucuresti10km.ro\/#\/schema\/logo\/image\/","url":"http:\/\/bucuresti10km.ro\/media\/rib_300_x_300.png","contentUrl":"http:\/\/bucuresti10km.ro\/media\/rib_300_x_300.png","width":300,"height":300,"caption":"Bucharest Running Club #RunInBucharest"},"image":{"@id":"https:\/\/bucuresti10km.ro\/#\/schema\/logo\/image\/"},"sameAs":["https:\/\/www.facebook.com\/Bucharest10km\/","https:\/\/x.com\/runinbucharest","https:\/\/www.instagram.com\/runinbucharest\/","https:\/\/www.youtube.com\/channel\/UCzDKuV0tkMe5LSsImaDVt2g"]}]}},"_links":{"self":[{"href":"https:\/\/bucuresti10km.ro\/en\/wp-json\/wp\/v2\/pages\/6373"}],"collection":[{"href":"https:\/\/bucuresti10km.ro\/en\/wp-json\/wp\/v2\/pages"}],"about":[{"href":"https:\/\/bucuresti10km.ro\/en\/wp-json\/wp\/v2\/types\/page"}],"author":[{"embeddable":true,"href":"https:\/\/bucuresti10km.ro\/en\/wp-json\/wp\/v2\/users\/11"}],"replies":[{"embeddable":true,"href":"https:\/\/bucuresti10km.ro\/en\/wp-json\/wp\/v2\/comments?post=6373"}],"version-history":[{"count":17,"href":"https:\/\/bucuresti10km.ro\/en\/wp-json\/wp\/v2\/pages\/6373\/revisions"}],"predecessor-version":[{"id":7139,"href":"https:\/\/bucuresti10km.ro\/en\/wp-json\/wp\/v2\/pages\/6373\/revisions\/7139"}],"wp:attachment":[{"href":"https:\/\/bucuresti10km.ro\/en\/wp-json\/wp\/v2\/media?parent=6373"}],"curies":[{"name":"wp","href":"https:\/\/api.w.org\/{rel}","templated":true}]}}