{"id":4128,"date":"2020-02-14T14:51:22","date_gmt":"2020-02-14T14:51:22","guid":{"rendered":"http:\/\/bucuresti10km.ro\/?page_id=4128"},"modified":"2021-03-03T13:14:47","modified_gmt":"2021-03-03T13:14:47","slug":"eli-roman","status":"publish","type":"page","link":"https:\/\/bucuresti10km.ro\/en\/eli-roman\/","title":{"rendered":"Eli Roman"},"content":{"rendered":"<div data-elementor-type=\"wp-page\" data-elementor-id=\"4128\" class=\"elementor elementor-4128\" data-elementor-post-type=\"page\">\n\t\t\t\t\t\t<section class=\"elementor-section elementor-top-section elementor-element elementor-element-2b89675b elementor-section-boxed elementor-section-height-default elementor-section-height-default\" data-id=\"2b89675b\" data-element_type=\"section\">\n\t\t\t\t\t\t<div class=\"elementor-container elementor-column-gap-default\">\n\t\t\t\t\t<div class=\"elementor-column elementor-col-100 elementor-top-column elementor-element elementor-element-63c0dfa0\" data-id=\"63c0dfa0\" data-element_type=\"column\">\n\t\t\t<div class=\"elementor-widget-wrap elementor-element-populated\">\n\t\t\t\t\t\t<div class=\"elementor-element elementor-element-c571fe1 elementor-widget elementor-widget-heading\" data-id=\"c571fe1\" data-element_type=\"widget\" data-widget_type=\"heading.default\">\n\t\t\t\t<div class=\"elementor-widget-container\">\n\t\t\t<h2 class=\"elementor-heading-title elementor-size-default\">Eli Roman<\/h2>\t\t<\/div>\n\t\t\t\t<\/div>\n\t\t\t\t<div class=\"elementor-element elementor-element-44eda26f elementor-widget elementor-widget-text-editor\" data-id=\"44eda26f\" data-element_type=\"widget\" data-widget_type=\"text-editor.default\">\n\t\t\t\t<div class=\"elementor-widget-container\">\n\t\t\t\t\t\t\t<!-- wp:themeisle-blocks\/advanced-columns {\"id\":\"wp-block-themeisle-blocks-advanced-columns-96871422\"} -->\n<div class=\"wp-block-themeisle-blocks-advanced-columns has-undefined-columns has-desktop-undefined-layout has-tablet-equal-layout has-mobile-equal-layout has-default-gap has-vertical-unset\" id=\"wp-block-themeisle-blocks-advanced-columns-96871422\" style=\"border-width:0px;border-style:solid;border-color:#000000;border-radius:0px;justify-content:unset\"><div class=\"wp-themeisle-block-overlay\" style=\"opacity:0.5;mix-blend-mode:normal\"><\/div><div class=\"innerblocks-wrap\"><\/div><\/div>\n<!-- \/wp:themeisle-blocks\/advanced-columns -->\t\t\t\t\t\t<\/div>\n\t\t\t\t<\/div>\n\t\t\t\t\t<\/div>\n\t\t<\/div>\n\t\t\t\t\t<\/div>\n\t\t<\/section>\n\t\t\t\t<section class=\"elementor-section elementor-top-section elementor-element elementor-element-da5e45b elementor-section-boxed elementor-section-height-default elementor-section-height-default\" data-id=\"da5e45b\" data-element_type=\"section\">\n\t\t\t\t\t\t<div class=\"elementor-container elementor-column-gap-default\">\n\t\t\t\t\t<div class=\"elementor-column elementor-col-33 elementor-top-column elementor-element elementor-element-f9123ca\" data-id=\"f9123ca\" data-element_type=\"column\">\n\t\t\t<div class=\"elementor-widget-wrap elementor-element-populated\">\n\t\t\t\t\t\t<div class=\"elementor-element elementor-element-6f94973 elementor-widget elementor-widget-image\" data-id=\"6f94973\" data-element_type=\"widget\" data-widget_type=\"image.default\">\n\t\t\t\t<div class=\"elementor-widget-container\">\n\t\t\t\t\t\t\t\t\t\t\t\t\t<img fetchpriority=\"high\" decoding=\"async\" width=\"678\" height=\"1024\" src=\"https:\/\/bucuresti10km.ro\/media\/PRR_0429-678x1024.jpg\" class=\"attachment-large size-large wp-image-641\" alt=\"\" srcset=\"https:\/\/bucuresti10km.ro\/media\/PRR_0429-678x1024.jpg 678w, https:\/\/bucuresti10km.ro\/media\/PRR_0429-600x906.jpg 600w, https:\/\/bucuresti10km.ro\/media\/PRR_0429-199x300.jpg 199w, https:\/\/bucuresti10km.ro\/media\/PRR_0429.jpg 1088w\" sizes=\"(max-width: 678px) 100vw, 678px\" \/>\t\t\t\t\t\t\t\t\t\t\t\t\t<\/div>\n\t\t\t\t<\/div>\n\t\t\t\t\t<\/div>\n\t\t<\/div>\n\t\t\t\t<div class=\"elementor-column elementor-col-66 elementor-top-column elementor-element elementor-element-085b0e5\" data-id=\"085b0e5\" data-element_type=\"column\">\n\t\t\t<div class=\"elementor-widget-wrap elementor-element-populated\">\n\t\t\t\t\t\t<div class=\"elementor-element elementor-element-8c7aac7 elementor-widget elementor-widget-text-editor\" data-id=\"8c7aac7\" data-element_type=\"widget\" data-widget_type=\"text-editor.default\">\n\t\t\t\t<div class=\"elementor-widget-container\">\n\t\t\t\t\t\t\t<p>Alerg la UNIQA Asigurari Family &amp; 10K \u00eempreun\u0103 cu so\u021bul meu Stelian Negrea, cu cel mai nou membru al familiei noastre Andrei care va participa, la aceast\u0103 prim\u0103 edi\u021bie \u00een c\u0103rucior, cu bunicii, \u0219i poate chiar \u0219i cu strabunica.<\/p>\n<p>Sus\u021binem acest eveniment pentru c\u0103 ne aduce aminte de ie\u0219irie \u00een aer liber cu p\u0103rin\u021bii \u0219i cu bunicii, din vremea c\u00e2nd eram copii. Parintii si bunicii no\u0219tri ne-au invatat despre importan\u021ba traiului s\u0103n\u0103tos, iar noi ne dorim s\u0103 devenim modele pentru Andrei.<\/p>\n<p>\u00a0<\/p>\n<div>Eli Roman \u0219i-a \u00eenceput via\u021ba \u00een televiziune \u00een 2006 la Money Channel, iar din 2009 s-a al\u0103turat echipei de la Realitatea, unde \u00een scurt timp a ajuns s\u0103 realizeze matinalul &#8222;Diminea\u021ba de \u0219tiri&#8221;. Este c\u0103s\u0103torit\u0103 cu jurnalistul Stelian Negrea \u0219i au \u00eempreun\u0103 un b\u0103ie\u021bel, Andrei, n\u0103scut \u00een noiembrie 2015<\/div>\t\t\t\t\t\t<\/div>\n\t\t\t\t<\/div>\n\t\t\t\t\t<\/div>\n\t\t<\/div>\n\t\t\t\t\t<\/div>\n\t\t<\/section>\n\t\t\t\t<section class=\"elementor-section elementor-top-section elementor-element elementor-element-3274cc44 elementor-section-boxed elementor-section-height-default elementor-section-height-default\" data-id=\"3274cc44\" data-element_type=\"section\">\n\t\t\t\t\t\t<div class=\"elementor-container elementor-column-gap-default\">\n\t\t\t\t\t<div class=\"elementor-column elementor-col-16 elementor-top-column elementor-element elementor-element-73ea01e4\" data-id=\"73ea01e4\" data-element_type=\"column\">\n\t\t\t<div class=\"elementor-widget-wrap elementor-element-populated\">\n\t\t\t\t\t\t<div class=\"elementor-element elementor-element-12d49a3d elementor-widget elementor-widget-image\" data-id=\"12d49a3d\" data-element_type=\"widget\" data-widget_type=\"image.default\">\n\t\t\t\t<div class=\"elementor-widget-container\">\n\t\t\t\t\t\t\t\t\t\t\t\t\t\t<a href=\"http:\/\/www.bucuresti21km.ro\">\n\t\t\t\t\t\t\t<img decoding=\"async\" width=\"300\" height=\"63\" data-src=\"https:\/\/bucuresti10km.ro\/media\/opbhm_2021_logo-300x63.png\" class=\"attachment-medium size-medium wp-image-4564 lazyload\" alt=\"OMV Petrom Bucharest Half Marathon\" data-srcset=\"https:\/\/bucuresti10km.ro\/media\/opbhm_2021_logo-300x63.png 300w, https:\/\/bucuresti10km.ro\/media\/opbhm_2021_logo-1024x213.png 1024w, https:\/\/bucuresti10km.ro\/media\/opbhm_2021_logo-1536x320.png 1536w, https:\/\/bucuresti10km.ro\/media\/opbhm_2021_logo-2048x427.png 2048w, https:\/\/bucuresti10km.ro\/media\/opbhm_2021_logo-16x3.png 16w\" data-sizes=\"(max-width: 300px) 100vw, 300px\" src=\"data:image\/gif;base64,R0lGODlhAQABAAAAACH5BAEKAAEALAAAAAABAAEAAAICTAEAOw==\" style=\"--smush-placeholder-width: 300px; --smush-placeholder-aspect-ratio: 300\/63;\" \/><noscript><img decoding=\"async\" width=\"300\" height=\"63\" src=\"https:\/\/bucuresti10km.ro\/media\/opbhm_2021_logo-300x63.png\" class=\"attachment-medium size-medium wp-image-4564\" alt=\"OMV Petrom Bucharest Half Marathon\" srcset=\"https:\/\/bucuresti10km.ro\/media\/opbhm_2021_logo-300x63.png 300w, https:\/\/bucuresti10km.ro\/media\/opbhm_2021_logo-1024x213.png 1024w, https:\/\/bucuresti10km.ro\/media\/opbhm_2021_logo-1536x320.png 1536w, https:\/\/bucuresti10km.ro\/media\/opbhm_2021_logo-2048x427.png 2048w, https:\/\/bucuresti10km.ro\/media\/opbhm_2021_logo-16x3.png 16w\" sizes=\"(max-width: 300px) 100vw, 300px\" \/><\/noscript>\t\t\t\t\t\t\t\t<\/a>\n\t\t\t\t\t\t\t\t\t\t\t\t\t<\/div>\n\t\t\t\t<\/div>\n\t\t\t\t\t<\/div>\n\t\t<\/div>\n\t\t\t\t<div class=\"elementor-column elementor-col-16 elementor-top-column elementor-element elementor-element-50a1491f\" data-id=\"50a1491f\" data-element_type=\"column\">\n\t\t\t<div class=\"elementor-widget-wrap elementor-element-populated\">\n\t\t\t\t\t\t<div class=\"elementor-element elementor-element-4cd6fbba elementor-widget elementor-widget-image\" data-id=\"4cd6fbba\" data-element_type=\"widget\" data-widget_type=\"image.default\">\n\t\t\t\t<div class=\"elementor-widget-container\">\n\t\t\t\t\t\t\t\t\t\t\t\t\t\t<a href=\"http:\/\/www.bucharest-marathon.com\">\n\t\t\t\t\t\t\t<img decoding=\"async\" data-src=\"https:\/\/bucuresti10km.ro\/media\/elementor\/thumbs\/rbbm_2021_logo-p7fv48txvxmvaa5x5l5bpn79uon2nppdaqzs9awgd8.png\" title=\"Raiffeisen Bank Bucharest Marathon\" alt=\"Raiffeisen Bank Bucharest Marathon\" loading=\"lazy\" src=\"data:image\/gif;base64,R0lGODlhAQABAAAAACH5BAEKAAEALAAAAAABAAEAAAICTAEAOw==\" class=\"lazyload\" style=\"--smush-placeholder-width: 300px; --smush-placeholder-aspect-ratio: 300\/150;\" \/><noscript><img decoding=\"async\" src=\"https:\/\/bucuresti10km.ro\/media\/elementor\/thumbs\/rbbm_2021_logo-p7fv48txvxmvaa5x5l5bpn79uon2nppdaqzs9awgd8.png\" title=\"Raiffeisen Bank Bucharest Marathon\" alt=\"Raiffeisen Bank Bucharest Marathon\" loading=\"lazy\" \/><\/noscript>\t\t\t\t\t\t\t\t<\/a>\n\t\t\t\t\t\t\t\t\t\t\t\t\t<\/div>\n\t\t\t\t<\/div>\n\t\t\t\t\t<\/div>\n\t\t<\/div>\n\t\t\t\t<div class=\"elementor-column elementor-col-16 elementor-top-column elementor-element elementor-element-655c4a6e\" data-id=\"655c4a6e\" data-element_type=\"column\">\n\t\t\t<div class=\"elementor-widget-wrap elementor-element-populated\">\n\t\t\t\t\t\t<div class=\"elementor-element elementor-element-1fcbc064 elementor-widget elementor-widget-image\" data-id=\"1fcbc064\" data-element_type=\"widget\" data-widget_type=\"image.default\">\n\t\t\t\t<div class=\"elementor-widget-container\">\n\t\t\t\t\t\t\t\t\t\t\t\t\t\t<a href=\"http:\/\/www.runinbucharest.com\">\n\t\t\t\t\t\t\t<img decoding=\"async\" data-src=\"https:\/\/bucuresti10km.ro\/media\/elementor\/thumbs\/rib_300_x_300-ol2efp4thbv16swgdh7bk9issezkbaahpr04fizsgs.png\" title=\"rib_300_x_300\" alt=\"rib_300_x_300\" loading=\"lazy\" src=\"data:image\/gif;base64,R0lGODlhAQABAAAAACH5BAEKAAEALAAAAAABAAEAAAICTAEAOw==\" class=\"lazyload\" style=\"--smush-placeholder-width: 300px; --smush-placeholder-aspect-ratio: 300\/150;\" \/><noscript><img decoding=\"async\" src=\"https:\/\/bucuresti10km.ro\/media\/elementor\/thumbs\/rib_300_x_300-ol2efp4thbv16swgdh7bk9issezkbaahpr04fizsgs.png\" title=\"rib_300_x_300\" alt=\"rib_300_x_300\" loading=\"lazy\" \/><\/noscript>\t\t\t\t\t\t\t\t<\/a>\n\t\t\t\t\t\t\t\t\t\t\t\t\t<\/div>\n\t\t\t\t<\/div>\n\t\t\t\t\t<\/div>\n\t\t<\/div>\n\t\t\t\t<div class=\"elementor-column elementor-col-16 elementor-top-column elementor-element elementor-element-7a302f11\" data-id=\"7a302f11\" data-element_type=\"column\">\n\t\t\t<div class=\"elementor-widget-wrap elementor-element-populated\">\n\t\t\t\t\t\t<div class=\"elementor-element elementor-element-429c6e0a elementor-widget elementor-widget-image\" data-id=\"429c6e0a\" data-element_type=\"widget\" data-widget_type=\"image.default\">\n\t\t\t\t<div class=\"elementor-widget-container\">\n\t\t\t\t\t\t\t\t\t\t\t\t\t\t<a href=\"http:\/\/www.voluntarinsport.ro\">\n\t\t\t\t\t\t\t<img decoding=\"async\" data-src=\"https:\/\/bucuresti10km.ro\/media\/elementor\/thumbs\/vis2_300_x_300-ol2efp4thbv16swgdh7bk9issezkbaahpr04fizsgs.png\" title=\"vis2_300_x_300\" alt=\"vis2_300_x_300\" loading=\"lazy\" src=\"data:image\/gif;base64,R0lGODlhAQABAAAAACH5BAEKAAEALAAAAAABAAEAAAICTAEAOw==\" class=\"lazyload\" style=\"--smush-placeholder-width: 300px; --smush-placeholder-aspect-ratio: 300\/150;\" \/><noscript><img decoding=\"async\" src=\"https:\/\/bucuresti10km.ro\/media\/elementor\/thumbs\/vis2_300_x_300-ol2efp4thbv16swgdh7bk9issezkbaahpr04fizsgs.png\" title=\"vis2_300_x_300\" alt=\"vis2_300_x_300\" loading=\"lazy\" \/><\/noscript>\t\t\t\t\t\t\t\t<\/a>\n\t\t\t\t\t\t\t\t\t\t\t\t\t<\/div>\n\t\t\t\t<\/div>\n\t\t\t\t\t<\/div>\n\t\t<\/div>\n\t\t\t\t<div class=\"elementor-column elementor-col-16 elementor-top-column elementor-element elementor-element-18f019cd\" data-id=\"18f019cd\" data-element_type=\"column\">\n\t\t\t<div class=\"elementor-widget-wrap elementor-element-populated\">\n\t\t\t\t\t\t<div class=\"elementor-element elementor-element-47ade720 elementor-widget elementor-widget-image\" data-id=\"47ade720\" data-element_type=\"widget\" data-widget_type=\"image.default\">\n\t\t\t\t<div class=\"elementor-widget-container\">\n\t\t\t\t\t\t\t\t\t\t\t\t\t\t<a href=\"http:\/\/www.photorun.ro\">\n\t\t\t\t\t\t\t<img decoding=\"async\" data-src=\"https:\/\/bucuresti10km.ro\/media\/elementor\/thumbs\/photorun2_300_x_300-ol2efo6zahtqv6xtiysozrrc71473l6rdmcmy916n0.png\" title=\"photorun2_300_x_300\" alt=\"photorun2_300_x_300\" loading=\"lazy\" src=\"data:image\/gif;base64,R0lGODlhAQABAAAAACH5BAEKAAEALAAAAAABAAEAAAICTAEAOw==\" class=\"lazyload\" style=\"--smush-placeholder-width: 300px; --smush-placeholder-aspect-ratio: 300\/150;\" \/><noscript><img decoding=\"async\" src=\"https:\/\/bucuresti10km.ro\/media\/elementor\/thumbs\/photorun2_300_x_300-ol2efo6zahtqv6xtiysozrrc71473l6rdmcmy916n0.png\" title=\"photorun2_300_x_300\" alt=\"photorun2_300_x_300\" loading=\"lazy\" \/><\/noscript>\t\t\t\t\t\t\t\t<\/a>\n\t\t\t\t\t\t\t\t\t\t\t\t\t<\/div>\n\t\t\t\t<\/div>\n\t\t\t\t\t<\/div>\n\t\t<\/div>\n\t\t\t\t<div class=\"elementor-column elementor-col-16 elementor-top-column elementor-element elementor-element-601e9b9d\" data-id=\"601e9b9d\" data-element_type=\"column\">\n\t\t\t<div class=\"elementor-widget-wrap elementor-element-populated\">\n\t\t\t\t\t\t<div class=\"elementor-element elementor-element-90f3586 elementor-widget elementor-widget-image\" data-id=\"90f3586\" data-element_type=\"widget\" data-widget_type=\"image.default\">\n\t\t\t\t<div class=\"elementor-widget-container\">\n\t\t\t\t\t\t\t\t\t\t\t\t\t\t<a href=\"http:\/\/www.eattrainrun.ro\">\n\t\t\t\t\t\t\t<img decoding=\"async\" data-src=\"https:\/\/bucuresti10km.ro\/media\/elementor\/thumbs\/eat_train_run_300_x_300-ol3sw1jhv8au0gk573pa8ezgxsgfbm1xrtkm9bvqvw.png\" title=\"eat_train_run_300_x_300\" alt=\"eat_train_run_300_x_300\" loading=\"lazy\" src=\"data:image\/gif;base64,R0lGODlhAQABAAAAACH5BAEKAAEALAAAAAABAAEAAAICTAEAOw==\" class=\"lazyload\" style=\"--smush-placeholder-width: 300px; --smush-placeholder-aspect-ratio: 300\/150;\" \/><noscript><img decoding=\"async\" src=\"https:\/\/bucuresti10km.ro\/media\/elementor\/thumbs\/eat_train_run_300_x_300-ol3sw1jhv8au0gk573pa8ezgxsgfbm1xrtkm9bvqvw.png\" title=\"eat_train_run_300_x_300\" alt=\"eat_train_run_300_x_300\" loading=\"lazy\" \/><\/noscript>\t\t\t\t\t\t\t\t<\/a>\n\t\t\t\t\t\t\t\t\t\t\t\t\t<\/div>\n\t\t\t\t<\/div>\n\t\t\t\t\t<\/div>\n\t\t<\/div>\n\t\t\t\t\t<\/div>\n\t\t<\/section>\n\t\t\t\t<\/div>","protected":false},"excerpt":{"rendered":"<p>Eli Roman Alerg la UNIQA Asigurari Family &amp; 10K \u00eempreun\u0103 cu so\u021bul meu Stelian Negrea, cu cel mai nou membru al familiei noastre Andrei care va participa, la aceast\u0103 prim\u0103 edi\u021bie \u00een c\u0103rucior, cu bunicii, \u0219i poate chiar \u0219i cu strabunica. Sus\u021binem acest eveniment pentru c\u0103 ne aduce aminte de ie\u0219irie \u00een aer liber cu&hellip;&nbsp;<a href=\"https:\/\/bucuresti10km.ro\/en\/eli-roman\/\" rel=\"bookmark\">Read More &raquo;<span class=\"screen-reader-text\">Eli Roman<\/span><\/a><\/p>","protected":false},"author":11,"featured_media":0,"parent":0,"menu_order":0,"comment_status":"closed","ping_status":"closed","template":"","meta":{"_eb_attr":"","_monsterinsights_skip_tracking":false,"_monsterinsights_sitenote_active":false,"_monsterinsights_sitenote_note":"","_monsterinsights_sitenote_category":0,"neve_meta_sidebar":"full-width","neve_meta_container":"","neve_meta_enable_content_width":"on","neve_meta_content_width":100,"neve_meta_title_alignment":"","neve_meta_author_avatar":"","neve_post_elements_order":"","neve_meta_disable_header":"","neve_meta_disable_footer":"","neve_meta_disable_title":"on","neve_meta_reading_time":"","_themeisle_gutenberg_block_has_review":false,"footnotes":""},"class_list":["post-4128","page","type-page","status-publish","hentry"],"yoast_head":"<!-- This site is optimized with the Yoast SEO plugin v23.7 - https:\/\/yoast.com\/wordpress\/plugins\/seo\/ -->\n<title>Eli Roman - Ambasador UNIQA Asigur\u0103ri Bucharest Family &amp; 10K<\/title>\n<meta name=\"description\" content=\"Eli Roman \u0219i-a \u00eenceput via\u021ba \u00een televiziune \u00een 2006 la Money Channel, iar din 2009 s-a al\u0103turat echipei de la Realitatea.\" \/>\n<meta name=\"robots\" content=\"index, follow, max-snippet:-1, max-image-preview:large, max-video-preview:-1\" \/>\n<link rel=\"canonical\" href=\"https:\/\/bucuresti10km.ro\/en\/eli-roman\/\" \/>\n<meta property=\"og:locale\" content=\"en_GB\" \/>\n<meta property=\"og:type\" content=\"article\" \/>\n<meta property=\"og:title\" content=\"Eli Roman - Ambasador UNIQA Asigur\u0103ri Bucharest Family &amp; 10K\" \/>\n<meta property=\"og:description\" content=\"Eli Roman \u0219i-a \u00eenceput via\u021ba \u00een televiziune \u00een 2006 la Money Channel, iar din 2009 s-a al\u0103turat echipei de la Realitatea.\" \/>\n<meta property=\"og:url\" content=\"https:\/\/bucuresti10km.ro\/en\/eli-roman\/\" \/>\n<meta property=\"og:site_name\" content=\"Bucharest 10K GRAND PRIX | #RunInBucharest\" \/>\n<meta property=\"article:publisher\" content=\"https:\/\/www.facebook.com\/Bucharest10km\/\" \/>\n<meta property=\"article:modified_time\" content=\"2021-03-03T13:14:47+00:00\" \/>\n<meta property=\"og:image\" content=\"http:\/\/bucuresti10km.ro\/media\/PRR_0429-678x1024.jpg\" \/>\n<meta name=\"twitter:card\" content=\"summary_large_image\" \/>\n<meta name=\"twitter:site\" content=\"@runinbucharest\" \/>\n<meta name=\"twitter:label1\" content=\"Estimated reading time\" \/>\n\t<meta name=\"twitter:data1\" content=\"2 minutes\" \/>\n<script type=\"application\/ld+json\" class=\"yoast-schema-graph\">{\"@context\":\"https:\/\/schema.org\",\"@graph\":[{\"@type\":\"WebPage\",\"@id\":\"https:\/\/bucuresti10km.ro\/eli-roman\/\",\"url\":\"https:\/\/bucuresti10km.ro\/eli-roman\/\",\"name\":\"Eli Roman - Ambasador UNIQA Asigur\u0103ri Bucharest Family & 10K\",\"isPartOf\":{\"@id\":\"https:\/\/bucuresti10km.ro\/#website\"},\"primaryImageOfPage\":{\"@id\":\"https:\/\/bucuresti10km.ro\/eli-roman\/#primaryimage\"},\"image\":{\"@id\":\"https:\/\/bucuresti10km.ro\/eli-roman\/#primaryimage\"},\"thumbnailUrl\":\"http:\/\/bucuresti10km.ro\/media\/PRR_0429-678x1024.jpg\",\"datePublished\":\"2020-02-14T14:51:22+00:00\",\"dateModified\":\"2021-03-03T13:14:47+00:00\",\"description\":\"Eli Roman \u0219i-a \u00eenceput via\u021ba \u00een televiziune \u00een 2006 la Money Channel, iar din 2009 s-a al\u0103turat echipei de la Realitatea.\",\"breadcrumb\":{\"@id\":\"https:\/\/bucuresti10km.ro\/eli-roman\/#breadcrumb\"},\"inLanguage\":\"en-GB\",\"potentialAction\":[{\"@type\":\"ReadAction\",\"target\":[\"https:\/\/bucuresti10km.ro\/eli-roman\/\"]}]},{\"@type\":\"ImageObject\",\"inLanguage\":\"en-GB\",\"@id\":\"https:\/\/bucuresti10km.ro\/eli-roman\/#primaryimage\",\"url\":\"http:\/\/bucuresti10km.ro\/media\/PRR_0429-678x1024.jpg\",\"contentUrl\":\"http:\/\/bucuresti10km.ro\/media\/PRR_0429-678x1024.jpg\"},{\"@type\":\"BreadcrumbList\",\"@id\":\"https:\/\/bucuresti10km.ro\/eli-roman\/#breadcrumb\",\"itemListElement\":[{\"@type\":\"ListItem\",\"position\":1,\"name\":\"Home\",\"item\":\"https:\/\/bucuresti10km.ro\/\"},{\"@type\":\"ListItem\",\"position\":2,\"name\":\"Eli Roman\"}]},{\"@type\":\"WebSite\",\"@id\":\"https:\/\/bucuresti10km.ro\/#website\",\"url\":\"https:\/\/bucuresti10km.ro\/\",\"name\":\"Bucharest 10K GRAND PRIX | #RunInBucharest\",\"description\":\"\",\"publisher\":{\"@id\":\"https:\/\/bucuresti10km.ro\/#organization\"},\"potentialAction\":[{\"@type\":\"SearchAction\",\"target\":{\"@type\":\"EntryPoint\",\"urlTemplate\":\"https:\/\/bucuresti10km.ro\/?s={search_term_string}\"},\"query-input\":{\"@type\":\"PropertyValueSpecification\",\"valueRequired\":true,\"valueName\":\"search_term_string\"}}],\"inLanguage\":\"en-GB\"},{\"@type\":\"Organization\",\"@id\":\"https:\/\/bucuresti10km.ro\/#organization\",\"name\":\"Bucharest Running Club #RunInBucharest\",\"url\":\"https:\/\/bucuresti10km.ro\/\",\"logo\":{\"@type\":\"ImageObject\",\"inLanguage\":\"en-GB\",\"@id\":\"https:\/\/bucuresti10km.ro\/#\/schema\/logo\/image\/\",\"url\":\"http:\/\/bucuresti10km.ro\/media\/rib_300_x_300.png\",\"contentUrl\":\"http:\/\/bucuresti10km.ro\/media\/rib_300_x_300.png\",\"width\":300,\"height\":300,\"caption\":\"Bucharest Running Club #RunInBucharest\"},\"image\":{\"@id\":\"https:\/\/bucuresti10km.ro\/#\/schema\/logo\/image\/\"},\"sameAs\":[\"https:\/\/www.facebook.com\/Bucharest10km\/\",\"https:\/\/x.com\/runinbucharest\",\"https:\/\/www.instagram.com\/runinbucharest\/\",\"https:\/\/www.youtube.com\/channel\/UCzDKuV0tkMe5LSsImaDVt2g\"]}]}<\/script>\n<!-- \/ Yoast SEO plugin. -->","yoast_head_json":{"title":"Eli Roman - Ambasador UNIQA Asigur\u0103ri Bucharest Family & 10K","description":"Eli Roman \u0219i-a \u00eenceput via\u021ba \u00een televiziune \u00een 2006 la Money Channel, iar din 2009 s-a al\u0103turat echipei de la Realitatea.","robots":{"index":"index","follow":"follow","max-snippet":"max-snippet:-1","max-image-preview":"max-image-preview:large","max-video-preview":"max-video-preview:-1"},"canonical":"https:\/\/bucuresti10km.ro\/en\/eli-roman\/","og_locale":"en_GB","og_type":"article","og_title":"Eli Roman - Ambasador UNIQA Asigur\u0103ri Bucharest Family & 10K","og_description":"Eli Roman \u0219i-a \u00eenceput via\u021ba \u00een televiziune \u00een 2006 la Money Channel, iar din 2009 s-a al\u0103turat echipei de la Realitatea.","og_url":"https:\/\/bucuresti10km.ro\/en\/eli-roman\/","og_site_name":"Bucharest 10K GRAND PRIX | #RunInBucharest","article_publisher":"https:\/\/www.facebook.com\/Bucharest10km\/","article_modified_time":"2021-03-03T13:14:47+00:00","og_image":[{"url":"http:\/\/bucuresti10km.ro\/media\/PRR_0429-678x1024.jpg"}],"twitter_card":"summary_large_image","twitter_site":"@runinbucharest","twitter_misc":{"Estimated reading time":"2 minutes"},"schema":{"@context":"https:\/\/schema.org","@graph":[{"@type":"WebPage","@id":"https:\/\/bucuresti10km.ro\/eli-roman\/","url":"https:\/\/bucuresti10km.ro\/eli-roman\/","name":"Eli Roman - Ambasador UNIQA Asigur\u0103ri Bucharest Family & 10K","isPartOf":{"@id":"https:\/\/bucuresti10km.ro\/#website"},"primaryImageOfPage":{"@id":"https:\/\/bucuresti10km.ro\/eli-roman\/#primaryimage"},"image":{"@id":"https:\/\/bucuresti10km.ro\/eli-roman\/#primaryimage"},"thumbnailUrl":"http:\/\/bucuresti10km.ro\/media\/PRR_0429-678x1024.jpg","datePublished":"2020-02-14T14:51:22+00:00","dateModified":"2021-03-03T13:14:47+00:00","description":"Eli Roman \u0219i-a \u00eenceput via\u021ba \u00een televiziune \u00een 2006 la Money Channel, iar din 2009 s-a al\u0103turat echipei de la Realitatea.","breadcrumb":{"@id":"https:\/\/bucuresti10km.ro\/eli-roman\/#breadcrumb"},"inLanguage":"en-GB","potentialAction":[{"@type":"ReadAction","target":["https:\/\/bucuresti10km.ro\/eli-roman\/"]}]},{"@type":"ImageObject","inLanguage":"en-GB","@id":"https:\/\/bucuresti10km.ro\/eli-roman\/#primaryimage","url":"http:\/\/bucuresti10km.ro\/media\/PRR_0429-678x1024.jpg","contentUrl":"http:\/\/bucuresti10km.ro\/media\/PRR_0429-678x1024.jpg"},{"@type":"BreadcrumbList","@id":"https:\/\/bucuresti10km.ro\/eli-roman\/#breadcrumb","itemListElement":[{"@type":"ListItem","position":1,"name":"Home","item":"https:\/\/bucuresti10km.ro\/"},{"@type":"ListItem","position":2,"name":"Eli Roman"}]},{"@type":"WebSite","@id":"https:\/\/bucuresti10km.ro\/#website","url":"https:\/\/bucuresti10km.ro\/","name":"Bucharest 10K GRAND PRIX | #RunInBucharest","description":"","publisher":{"@id":"https:\/\/bucuresti10km.ro\/#organization"},"potentialAction":[{"@type":"SearchAction","target":{"@type":"EntryPoint","urlTemplate":"https:\/\/bucuresti10km.ro\/?s={search_term_string}"},"query-input":{"@type":"PropertyValueSpecification","valueRequired":true,"valueName":"search_term_string"}}],"inLanguage":"en-GB"},{"@type":"Organization","@id":"https:\/\/bucuresti10km.ro\/#organization","name":"Bucharest Running Club #RunInBucharest","url":"https:\/\/bucuresti10km.ro\/","logo":{"@type":"ImageObject","inLanguage":"en-GB","@id":"https:\/\/bucuresti10km.ro\/#\/schema\/logo\/image\/","url":"http:\/\/bucuresti10km.ro\/media\/rib_300_x_300.png","contentUrl":"http:\/\/bucuresti10km.ro\/media\/rib_300_x_300.png","width":300,"height":300,"caption":"Bucharest Running Club #RunInBucharest"},"image":{"@id":"https:\/\/bucuresti10km.ro\/#\/schema\/logo\/image\/"},"sameAs":["https:\/\/www.facebook.com\/Bucharest10km\/","https:\/\/x.com\/runinbucharest","https:\/\/www.instagram.com\/runinbucharest\/","https:\/\/www.youtube.com\/channel\/UCzDKuV0tkMe5LSsImaDVt2g"]}]}},"_links":{"self":[{"href":"https:\/\/bucuresti10km.ro\/en\/wp-json\/wp\/v2\/pages\/4128"}],"collection":[{"href":"https:\/\/bucuresti10km.ro\/en\/wp-json\/wp\/v2\/pages"}],"about":[{"href":"https:\/\/bucuresti10km.ro\/en\/wp-json\/wp\/v2\/types\/page"}],"author":[{"embeddable":true,"href":"https:\/\/bucuresti10km.ro\/en\/wp-json\/wp\/v2\/users\/11"}],"replies":[{"embeddable":true,"href":"https:\/\/bucuresti10km.ro\/en\/wp-json\/wp\/v2\/comments?post=4128"}],"version-history":[{"count":5,"href":"https:\/\/bucuresti10km.ro\/en\/wp-json\/wp\/v2\/pages\/4128\/revisions"}],"predecessor-version":[{"id":4633,"href":"https:\/\/bucuresti10km.ro\/en\/wp-json\/wp\/v2\/pages\/4128\/revisions\/4633"}],"wp:attachment":[{"href":"https:\/\/bucuresti10km.ro\/en\/wp-json\/wp\/v2\/media?parent=4128"}],"curies":[{"name":"wp","href":"https:\/\/api.w.org\/{rel}","templated":true}]}}