{"id":1474,"date":"2017-02-03T14:58:24","date_gmt":"2017-02-03T14:58:24","guid":{"rendered":"http:\/\/bucuresti10km.ro\/?page_id=1474"},"modified":"2024-10-30T15:05:59","modified_gmt":"2024-10-30T15:05:59","slug":"voluntariat-eveniment-sportiv-bucharest-10k-grand-prix","status":"publish","type":"page","link":"https:\/\/bucuresti10km.ro\/en\/voluntariat-eveniment-sportiv-bucharest-10k-grand-prix\/","title":{"rendered":"Voluntariat"},"content":{"rendered":"<div data-elementor-type=\"wp-page\" data-elementor-id=\"1474\" class=\"elementor elementor-1474\" data-elementor-post-type=\"page\">\n\t\t\t\t\t\t<section class=\"elementor-section elementor-top-section elementor-element elementor-element-ca3f041 elementor-section-boxed elementor-section-height-default elementor-section-height-default\" data-id=\"ca3f041\" data-element_type=\"section\">\n\t\t\t\t\t\t<div class=\"elementor-container elementor-column-gap-default\">\n\t\t\t\t\t<div class=\"elementor-column elementor-col-100 elementor-top-column elementor-element elementor-element-db13806\" data-id=\"db13806\" data-element_type=\"column\">\n\t\t\t<div class=\"elementor-widget-wrap elementor-element-populated\">\n\t\t\t\t\t\t<div class=\"elementor-element elementor-element-3d9f771 elementor-widget elementor-widget-heading\" data-id=\"3d9f771\" data-element_type=\"widget\" data-widget_type=\"heading.default\">\n\t\t\t\t<div class=\"elementor-widget-container\">\n\t\t\t<h2 class=\"elementor-heading-title elementor-size-default\">VOLUNTARIAT<\/h2>\t\t<\/div>\n\t\t\t\t<\/div>\n\t\t\t\t\t<\/div>\n\t\t<\/div>\n\t\t\t\t\t<\/div>\n\t\t<\/section>\n\t\t\t\t<section class=\"elementor-section elementor-top-section elementor-element elementor-element-72a166ad elementor-section-boxed elementor-section-height-default elementor-section-height-default\" data-id=\"72a166ad\" data-element_type=\"section\">\n\t\t\t\t\t\t<div class=\"elementor-container elementor-column-gap-default\">\n\t\t\t\t\t<div class=\"elementor-column elementor-col-100 elementor-top-column elementor-element elementor-element-4f5c3c26\" data-id=\"4f5c3c26\" data-element_type=\"column\">\n\t\t\t<div class=\"elementor-widget-wrap elementor-element-populated\">\n\t\t\t\t\t\t<div class=\"elementor-element elementor-element-5de5e0b elementor-widget elementor-widget-image\" data-id=\"5de5e0b\" data-element_type=\"widget\" data-widget_type=\"image.default\">\n\t\t\t\t<div class=\"elementor-widget-container\">\n\t\t\t\t\t\t\t\t\t\t\t\t\t<img fetchpriority=\"high\" decoding=\"async\" width=\"1024\" height=\"1024\" src=\"https:\/\/bucuresti10km.ro\/media\/voluntar_in_sport-1024x1024-1-1024x1024.jpeg\" class=\"attachment-large size-large wp-image-5872\" alt=\"\" srcset=\"https:\/\/bucuresti10km.ro\/media\/voluntar_in_sport-1024x1024-1.jpeg 1024w, https:\/\/bucuresti10km.ro\/media\/voluntar_in_sport-1024x1024-1-300x300.jpeg 300w, https:\/\/bucuresti10km.ro\/media\/voluntar_in_sport-1024x1024-1-150x150.jpeg 150w, https:\/\/bucuresti10km.ro\/media\/voluntar_in_sport-1024x1024-1-12x12.jpeg 12w\" sizes=\"(max-width: 1024px) 100vw, 1024px\" \/>\t\t\t\t\t\t\t\t\t\t\t\t\t<\/div>\n\t\t\t\t<\/div>\n\t\t\t\t<div class=\"elementor-element elementor-element-610db410 elementor-widget elementor-widget-text-editor\" data-id=\"610db410\" data-element_type=\"widget\" data-widget_type=\"text-editor.default\">\n\t\t\t\t<div class=\"elementor-widget-container\">\n\t\t\t\t\t\t\t<p>\u00a0<\/p><p style=\"text-align: center; margin-bottom: 20px;\"><span class=\"fusion-button-text-left\"><a class=\"button large button orange fusion-button button-3d button-round button-large button-orange button-1 buttonshadow-no\" href=\"http:\/\/www.voluntarinsport.ro\/inregistrare\/\" target=\"_self\" rel=\"noopener noreferrer\">\u00ceNSCRIE-TE \u00ceN ECHIP\u0102!<\/a><\/span><\/p>\t\t\t\t\t\t<\/div>\n\t\t\t\t<\/div>\n\t\t\t\t<div class=\"elementor-element elementor-element-38aab0a elementor-widget elementor-widget-text-editor\" data-id=\"38aab0a\" data-element_type=\"widget\" data-widget_type=\"text-editor.default\">\n\t\t\t\t<div class=\"elementor-widget-container\">\n\t\t\t\t\t\t\t<p>Voluntar \u00een sport este o platform\u0103 care reune\u0219te ofertele de voluntariat din domeniul sportiv ale diverselor evenimente. Voluntar \u00een sport dore\u0219te s\u0103 devin\u0103 un reper pentru voluntariatul din domeniul sportiv in Rom\u00e2nia.<br \/>Platforma este dedicat\u0103 tuturor persoanelor care caut\u0103 oportunit\u0103\u021bi de voluntariat, c\u00e2t \u0219i celor care vor s\u0103 acumuleze experien\u021b\u0103 \u00een acest domeniu.<br \/>Misiunea noastr\u0103 este de a dezvolta o comunitate de oameni s\u0103n\u0103to\u0219i, pozitivi, responsabili, cu spirit civic, care fac sport \u00een aer liber \u0219i voluntariat.<br \/>Valorile noastre sunt: spiritul de echip\u0103, echilibrul, fair-play-ul, emula\u021bia, dep\u0103\u0219irea limitelor personale, pasiunea pentru ceea ce facem, con\u0219tiin\u021ba \u0219i con\u0219tien\u021ba de sine, respectul pentru mediu \u0219i contributia pentru societate.<\/p>\t\t\t\t\t\t<\/div>\n\t\t\t\t<\/div>\n\t\t\t\t<div class=\"elementor-element elementor-element-890999a elementor-widget elementor-widget-spacer\" data-id=\"890999a\" data-element_type=\"widget\" data-widget_type=\"spacer.default\">\n\t\t\t\t<div class=\"elementor-widget-container\">\n\t\t\t\t\t<div class=\"elementor-spacer\">\n\t\t\t<div class=\"elementor-spacer-inner\"><\/div>\n\t\t<\/div>\n\t\t\t\t<\/div>\n\t\t\t\t<\/div>\n\t\t\t\t\t<\/div>\n\t\t<\/div>\n\t\t\t\t\t<\/div>\n\t\t<\/section>\n\t\t\t\t<section class=\"elementor-section elementor-top-section elementor-element elementor-element-267452a3 elementor-section-full_width elementor-section-stretched elementor-section-height-default elementor-section-height-default\" data-id=\"267452a3\" data-element_type=\"section\" data-settings=\"{&quot;stretch_section&quot;:&quot;section-stretched&quot;}\">\n\t\t\t\t\t\t<div class=\"elementor-container elementor-column-gap-default\">\n\t\t\t\t\t<div class=\"elementor-column elementor-col-25 elementor-top-column elementor-element elementor-element-6913a91\" data-id=\"6913a91\" data-element_type=\"column\">\n\t\t\t<div class=\"elementor-widget-wrap elementor-element-populated\">\n\t\t\t\t\t\t<div class=\"elementor-element elementor-element-583898dd elementor-widget elementor-widget-image\" data-id=\"583898dd\" data-element_type=\"widget\" data-widget_type=\"image.default\">\n\t\t\t\t<div class=\"elementor-widget-container\">\n\t\t\t\t\t\t\t\t\t\t\t\t\t<img decoding=\"async\" width=\"200\" height=\"126\" data-src=\"https:\/\/bucuresti10km.ro\/media\/cropped-logo_10k_white.png\" class=\"attachment-medium size-medium wp-image-6725 lazyload\" alt=\"\" data-srcset=\"https:\/\/bucuresti10km.ro\/media\/\/cropped-logo_10k_white.png 200w, https:\/\/bucuresti10km.ro\/media\/\/cropped-logo_10k_white-18x12.png 18w\" data-sizes=\"(max-width: 200px) 100vw, 200px\" src=\"data:image\/gif;base64,R0lGODlhAQABAAAAACH5BAEKAAEALAAAAAABAAEAAAICTAEAOw==\" style=\"--smush-placeholder-width: 200px; --smush-placeholder-aspect-ratio: 200\/126;\" \/><noscript><img decoding=\"async\" width=\"200\" height=\"126\" src=\"https:\/\/bucuresti10km.ro\/media\/cropped-logo_10k_white.png\" class=\"attachment-medium size-medium wp-image-6725\" alt=\"\" srcset=\"https:\/\/bucuresti10km.ro\/media\/\/cropped-logo_10k_white.png 200w, https:\/\/bucuresti10km.ro\/media\/\/cropped-logo_10k_white-18x12.png 18w\" sizes=\"(max-width: 200px) 100vw, 200px\" \/><\/noscript>\t\t\t\t\t\t\t\t\t\t\t\t\t<\/div>\n\t\t\t\t<\/div>\n\t\t\t\t\t<\/div>\n\t\t<\/div>\n\t\t\t\t<div class=\"elementor-column elementor-col-25 elementor-top-column elementor-element elementor-element-1ed6dd5f\" data-id=\"1ed6dd5f\" data-element_type=\"column\">\n\t\t\t<div class=\"elementor-widget-wrap elementor-element-populated\">\n\t\t\t\t\t\t<div class=\"elementor-element elementor-element-7ca9fdc elementor-widget elementor-widget-text-editor\" data-id=\"7ca9fdc\" data-element_type=\"widget\" data-widget_type=\"text-editor.default\">\n\t\t\t\t<div class=\"elementor-widget-container\">\n\t\t\t\t\t\t\t<p><strong>ACS<\/strong><strong>\u00a0Bucharest Running Club<\/strong><\/p><p>Armeneasca 23A, Sector 2<\/p><p>email: register@runinbucharest.com<\/p><p>telefon: 0737 027 617<\/p>\t\t\t\t\t\t<\/div>\n\t\t\t\t<\/div>\n\t\t\t\t\t<\/div>\n\t\t<\/div>\n\t\t\t\t<div class=\"elementor-column elementor-col-25 elementor-top-column elementor-element elementor-element-2b920e57\" data-id=\"2b920e57\" data-element_type=\"column\">\n\t\t\t<div class=\"elementor-widget-wrap elementor-element-populated\">\n\t\t\t\t\t\t<div class=\"elementor-element elementor-element-74a1a477 elementor-shape-circle elementor-grid-0 e-grid-align-center elementor-widget elementor-widget-social-icons\" data-id=\"74a1a477\" data-element_type=\"widget\" data-settings=\"{&quot;_animation&quot;:&quot;none&quot;}\" data-widget_type=\"social-icons.default\">\n\t\t\t\t<div class=\"elementor-widget-container\">\n\t\t\t\t\t<div class=\"elementor-social-icons-wrapper elementor-grid\">\n\t\t\t\t\t\t\t<span class=\"elementor-grid-item\">\n\t\t\t\t\t<a class=\"elementor-icon elementor-social-icon elementor-social-icon-facebook elementor-repeater-item-23a266b\" href=\"https:\/\/www.facebook.com\/Bucharest10km\" target=\"_blank\">\n\t\t\t\t\t\t<span class=\"elementor-screen-only\">Facebook<\/span>\n\t\t\t\t\t\t<i class=\"fab fa-facebook\"><\/i>\t\t\t\t\t<\/a>\n\t\t\t\t<\/span>\n\t\t\t\t\t\t\t<span class=\"elementor-grid-item\">\n\t\t\t\t\t<a class=\"elementor-icon elementor-social-icon elementor-social-icon-instagram elementor-repeater-item-3439914\" href=\"https:\/\/www.instagram.com\/bucharest_10k_grandprix\/\" target=\"_blank\">\n\t\t\t\t\t\t<span class=\"elementor-screen-only\">Instagram<\/span>\n\t\t\t\t\t\t<i class=\"fab fa-instagram\"><\/i>\t\t\t\t\t<\/a>\n\t\t\t\t<\/span>\n\t\t\t\t\t\t\t<span class=\"elementor-grid-item\">\n\t\t\t\t\t<a class=\"elementor-icon elementor-social-icon elementor-social-icon-tiktok elementor-repeater-item-6cf2f6a\" href=\"https:\/\/www.tiktok.com\/@runinbucharest\" target=\"_blank\">\n\t\t\t\t\t\t<span class=\"elementor-screen-only\">Tiktok<\/span>\n\t\t\t\t\t\t<i class=\"fab fa-tiktok\"><\/i>\t\t\t\t\t<\/a>\n\t\t\t\t<\/span>\n\t\t\t\t\t\t\t<span class=\"elementor-grid-item\">\n\t\t\t\t\t<a class=\"elementor-icon elementor-social-icon elementor-social-icon-twitter elementor-repeater-item-c725e38\" href=\"https:\/\/twitter.com\/runinbucharest\" target=\"_blank\">\n\t\t\t\t\t\t<span class=\"elementor-screen-only\">Twitter<\/span>\n\t\t\t\t\t\t<i class=\"fab fa-twitter\"><\/i>\t\t\t\t\t<\/a>\n\t\t\t\t<\/span>\n\t\t\t\t\t\t\t<span class=\"elementor-grid-item\">\n\t\t\t\t\t<a class=\"elementor-icon elementor-social-icon elementor-social-icon-youtube elementor-repeater-item-e5fa3c0\" href=\"https:\/\/www.youtube.com\/runinbucharest\" target=\"_blank\">\n\t\t\t\t\t\t<span class=\"elementor-screen-only\">Youtube<\/span>\n\t\t\t\t\t\t<i class=\"fab fa-youtube\"><\/i>\t\t\t\t\t<\/a>\n\t\t\t\t<\/span>\n\t\t\t\t\t<\/div>\n\t\t\t\t<\/div>\n\t\t\t\t<\/div>\n\t\t\t\t\t<\/div>\n\t\t<\/div>\n\t\t\t\t<div class=\"elementor-column elementor-col-25 elementor-top-column elementor-element elementor-element-74b7c23f\" data-id=\"74b7c23f\" data-element_type=\"column\">\n\t\t\t<div class=\"elementor-widget-wrap elementor-element-populated\">\n\t\t\t\t\t\t<div class=\"elementor-element elementor-element-3f82e489 elementor-widget elementor-widget-image\" data-id=\"3f82e489\" data-element_type=\"widget\" data-widget_type=\"image.default\">\n\t\t\t\t<div class=\"elementor-widget-container\">\n\t\t\t\t\t\t\t\t\t\t\t\t\t\t<a href=\"https:\/\/runinbucharest.com\/\">\n\t\t\t\t\t\t\t<img decoding=\"async\" width=\"300\" height=\"168\" data-src=\"https:\/\/bucuresti10km.ro\/media\/rib_white-300x168.png\" class=\"attachment-medium size-medium wp-image-4936 lazyload\" alt=\"\" data-srcset=\"https:\/\/bucuresti10km.ro\/media\/rib_white-300x168.png 300w, https:\/\/bucuresti10km.ro\/media\/rib_white-1024x574.png 1024w, https:\/\/bucuresti10km.ro\/media\/rib_white-18x10.png 18w, https:\/\/bucuresti10km.ro\/media\/rib_white.png 1532w\" data-sizes=\"(max-width: 300px) 100vw, 300px\" src=\"data:image\/gif;base64,R0lGODlhAQABAAAAACH5BAEKAAEALAAAAAABAAEAAAICTAEAOw==\" style=\"--smush-placeholder-width: 300px; --smush-placeholder-aspect-ratio: 300\/168;\" \/><noscript><img decoding=\"async\" width=\"300\" height=\"168\" src=\"https:\/\/bucuresti10km.ro\/media\/rib_white-300x168.png\" class=\"attachment-medium size-medium wp-image-4936\" alt=\"\" srcset=\"https:\/\/bucuresti10km.ro\/media\/rib_white-300x168.png 300w, https:\/\/bucuresti10km.ro\/media\/rib_white-1024x574.png 1024w, https:\/\/bucuresti10km.ro\/media\/rib_white-18x10.png 18w, https:\/\/bucuresti10km.ro\/media\/rib_white.png 1532w\" sizes=\"(max-width: 300px) 100vw, 300px\" \/><\/noscript>\t\t\t\t\t\t\t\t<\/a>\n\t\t\t\t\t\t\t\t\t\t\t\t\t<\/div>\n\t\t\t\t<\/div>\n\t\t\t\t\t<\/div>\n\t\t<\/div>\n\t\t\t\t\t<\/div>\n\t\t<\/section>\n\t\t\t\t<\/div>","protected":false},"excerpt":{"rendered":"<p>VOLUNTARIAT \u00a0 \u00ceNSCRIE-TE \u00ceN ECHIP\u0102! Voluntar \u00een sport este o platform\u0103 care reune\u0219te ofertele de voluntariat din domeniul sportiv ale diverselor evenimente. Voluntar \u00een sport dore\u0219te s\u0103 devin\u0103 un reper pentru voluntariatul din domeniul sportiv in Rom\u00e2nia.Platforma este dedicat\u0103 tuturor persoanelor care caut\u0103 oportunit\u0103\u021bi de voluntariat, c\u00e2t \u0219i celor care vor s\u0103 acumuleze experien\u021b\u0103 \u00een&hellip;&nbsp;<a href=\"https:\/\/bucuresti10km.ro\/en\/voluntariat-eveniment-sportiv-bucharest-10k-grand-prix\/\" rel=\"bookmark\">Read More &raquo;<span class=\"screen-reader-text\">Voluntariat<\/span><\/a><\/p>","protected":false},"author":11,"featured_media":0,"parent":0,"menu_order":0,"comment_status":"closed","ping_status":"closed","template":"","meta":{"_eb_attr":"","_monsterinsights_skip_tracking":false,"_monsterinsights_sitenote_active":false,"_monsterinsights_sitenote_note":"","_monsterinsights_sitenote_category":0,"neve_meta_sidebar":"","neve_meta_container":"","neve_meta_enable_content_width":"off","neve_meta_content_width":0,"neve_meta_title_alignment":"","neve_meta_author_avatar":"","neve_post_elements_order":"","neve_meta_disable_header":"","neve_meta_disable_footer":"","neve_meta_disable_title":"on","neve_meta_reading_time":"","_themeisle_gutenberg_block_has_review":false,"footnotes":""},"class_list":["post-1474","page","type-page","status-publish","hentry"],"yoast_head":"<!-- This site is optimized with the Yoast SEO plugin v23.7 - https:\/\/yoast.com\/wordpress\/plugins\/seo\/ -->\n<title>Voluntariat - Bucharest 10K GRAND PRIX | #RunInBucharest<\/title>\n<meta name=\"description\" content=\"Voluntar \u00een sport dore\u0219te s\u0103 devin\u0103 un reper pentru voluntariatul din domeniul sportiv in Rom\u00e2nia.\" \/>\n<meta name=\"robots\" content=\"index, follow, max-snippet:-1, max-image-preview:large, max-video-preview:-1\" \/>\n<link rel=\"canonical\" href=\"https:\/\/bucuresti10km.ro\/en\/voluntariat-eveniment-sportiv-bucharest-10k-grand-prix\/\" \/>\n<meta property=\"og:locale\" content=\"en_GB\" \/>\n<meta property=\"og:type\" content=\"article\" \/>\n<meta property=\"og:title\" content=\"Voluntariat - Bucharest 10K GRAND PRIX | #RunInBucharest\" \/>\n<meta property=\"og:description\" content=\"Voluntar \u00een sport dore\u0219te s\u0103 devin\u0103 un reper pentru voluntariatul din domeniul sportiv in Rom\u00e2nia.\" \/>\n<meta property=\"og:url\" content=\"https:\/\/bucuresti10km.ro\/en\/voluntariat-eveniment-sportiv-bucharest-10k-grand-prix\/\" \/>\n<meta property=\"og:site_name\" content=\"Bucharest 10K GRAND PRIX | #RunInBucharest\" \/>\n<meta property=\"article:publisher\" content=\"https:\/\/www.facebook.com\/Bucharest10km\/\" \/>\n<meta property=\"article:modified_time\" content=\"2024-10-30T15:05:59+00:00\" \/>\n<meta property=\"og:image\" content=\"https:\/\/bucuresti10km.ro\/media\/voluntar_in_sport-1024x1024-1-1024x1024.jpeg\" \/>\n<meta name=\"twitter:card\" content=\"summary_large_image\" \/>\n<meta name=\"twitter:site\" content=\"@runinbucharest\" \/>\n<meta name=\"twitter:label1\" content=\"Estimated reading time\" \/>\n\t<meta name=\"twitter:data1\" content=\"2 minutes\" \/>\n<script type=\"application\/ld+json\" class=\"yoast-schema-graph\">{\"@context\":\"https:\/\/schema.org\",\"@graph\":[{\"@type\":\"WebPage\",\"@id\":\"https:\/\/bucuresti10km.ro\/voluntariat-eveniment-sportiv-bucharest-10k-grand-prix\/\",\"url\":\"https:\/\/bucuresti10km.ro\/voluntariat-eveniment-sportiv-bucharest-10k-grand-prix\/\",\"name\":\"Voluntariat - Bucharest 10K GRAND PRIX | #RunInBucharest\",\"isPartOf\":{\"@id\":\"https:\/\/bucuresti10km.ro\/#website\"},\"primaryImageOfPage\":{\"@id\":\"https:\/\/bucuresti10km.ro\/voluntariat-eveniment-sportiv-bucharest-10k-grand-prix\/#primaryimage\"},\"image\":{\"@id\":\"https:\/\/bucuresti10km.ro\/voluntariat-eveniment-sportiv-bucharest-10k-grand-prix\/#primaryimage\"},\"thumbnailUrl\":\"https:\/\/bucuresti10km.ro\/media\/voluntar_in_sport-1024x1024-1-1024x1024.jpeg\",\"datePublished\":\"2017-02-03T14:58:24+00:00\",\"dateModified\":\"2024-10-30T15:05:59+00:00\",\"description\":\"Voluntar \u00een sport dore\u0219te s\u0103 devin\u0103 un reper pentru voluntariatul din domeniul sportiv in Rom\u00e2nia.\",\"breadcrumb\":{\"@id\":\"https:\/\/bucuresti10km.ro\/voluntariat-eveniment-sportiv-bucharest-10k-grand-prix\/#breadcrumb\"},\"inLanguage\":\"en-GB\",\"potentialAction\":[{\"@type\":\"ReadAction\",\"target\":[\"https:\/\/bucuresti10km.ro\/voluntariat-eveniment-sportiv-bucharest-10k-grand-prix\/\"]}]},{\"@type\":\"ImageObject\",\"inLanguage\":\"en-GB\",\"@id\":\"https:\/\/bucuresti10km.ro\/voluntariat-eveniment-sportiv-bucharest-10k-grand-prix\/#primaryimage\",\"url\":\"https:\/\/bucuresti10km.ro\/media\/voluntar_in_sport-1024x1024-1-1024x1024.jpeg\",\"contentUrl\":\"https:\/\/bucuresti10km.ro\/media\/voluntar_in_sport-1024x1024-1-1024x1024.jpeg\"},{\"@type\":\"BreadcrumbList\",\"@id\":\"https:\/\/bucuresti10km.ro\/voluntariat-eveniment-sportiv-bucharest-10k-grand-prix\/#breadcrumb\",\"itemListElement\":[{\"@type\":\"ListItem\",\"position\":1,\"name\":\"Home\",\"item\":\"https:\/\/bucuresti10km.ro\/\"},{\"@type\":\"ListItem\",\"position\":2,\"name\":\"Voluntariat\"}]},{\"@type\":\"WebSite\",\"@id\":\"https:\/\/bucuresti10km.ro\/#website\",\"url\":\"https:\/\/bucuresti10km.ro\/\",\"name\":\"Bucharest 10K GRAND PRIX | #RunInBucharest\",\"description\":\"\",\"publisher\":{\"@id\":\"https:\/\/bucuresti10km.ro\/#organization\"},\"potentialAction\":[{\"@type\":\"SearchAction\",\"target\":{\"@type\":\"EntryPoint\",\"urlTemplate\":\"https:\/\/bucuresti10km.ro\/?s={search_term_string}\"},\"query-input\":{\"@type\":\"PropertyValueSpecification\",\"valueRequired\":true,\"valueName\":\"search_term_string\"}}],\"inLanguage\":\"en-GB\"},{\"@type\":\"Organization\",\"@id\":\"https:\/\/bucuresti10km.ro\/#organization\",\"name\":\"Bucharest Running Club #RunInBucharest\",\"url\":\"https:\/\/bucuresti10km.ro\/\",\"logo\":{\"@type\":\"ImageObject\",\"inLanguage\":\"en-GB\",\"@id\":\"https:\/\/bucuresti10km.ro\/#\/schema\/logo\/image\/\",\"url\":\"http:\/\/bucuresti10km.ro\/media\/rib_300_x_300.png\",\"contentUrl\":\"http:\/\/bucuresti10km.ro\/media\/rib_300_x_300.png\",\"width\":300,\"height\":300,\"caption\":\"Bucharest Running Club #RunInBucharest\"},\"image\":{\"@id\":\"https:\/\/bucuresti10km.ro\/#\/schema\/logo\/image\/\"},\"sameAs\":[\"https:\/\/www.facebook.com\/Bucharest10km\/\",\"https:\/\/x.com\/runinbucharest\",\"https:\/\/www.instagram.com\/runinbucharest\/\",\"https:\/\/www.youtube.com\/channel\/UCzDKuV0tkMe5LSsImaDVt2g\"]}]}<\/script>\n<!-- \/ Yoast SEO plugin. -->","yoast_head_json":{"title":"Voluntariat - Bucharest 10K GRAND PRIX | #RunInBucharest","description":"Voluntar \u00een sport dore\u0219te s\u0103 devin\u0103 un reper pentru voluntariatul din domeniul sportiv in Rom\u00e2nia.","robots":{"index":"index","follow":"follow","max-snippet":"max-snippet:-1","max-image-preview":"max-image-preview:large","max-video-preview":"max-video-preview:-1"},"canonical":"https:\/\/bucuresti10km.ro\/en\/voluntariat-eveniment-sportiv-bucharest-10k-grand-prix\/","og_locale":"en_GB","og_type":"article","og_title":"Voluntariat - Bucharest 10K GRAND PRIX | #RunInBucharest","og_description":"Voluntar \u00een sport dore\u0219te s\u0103 devin\u0103 un reper pentru voluntariatul din domeniul sportiv in Rom\u00e2nia.","og_url":"https:\/\/bucuresti10km.ro\/en\/voluntariat-eveniment-sportiv-bucharest-10k-grand-prix\/","og_site_name":"Bucharest 10K GRAND PRIX | #RunInBucharest","article_publisher":"https:\/\/www.facebook.com\/Bucharest10km\/","article_modified_time":"2024-10-30T15:05:59+00:00","og_image":[{"url":"https:\/\/bucuresti10km.ro\/media\/voluntar_in_sport-1024x1024-1-1024x1024.jpeg"}],"twitter_card":"summary_large_image","twitter_site":"@runinbucharest","twitter_misc":{"Estimated reading time":"2 minutes"},"schema":{"@context":"https:\/\/schema.org","@graph":[{"@type":"WebPage","@id":"https:\/\/bucuresti10km.ro\/voluntariat-eveniment-sportiv-bucharest-10k-grand-prix\/","url":"https:\/\/bucuresti10km.ro\/voluntariat-eveniment-sportiv-bucharest-10k-grand-prix\/","name":"Voluntariat - Bucharest 10K GRAND PRIX | #RunInBucharest","isPartOf":{"@id":"https:\/\/bucuresti10km.ro\/#website"},"primaryImageOfPage":{"@id":"https:\/\/bucuresti10km.ro\/voluntariat-eveniment-sportiv-bucharest-10k-grand-prix\/#primaryimage"},"image":{"@id":"https:\/\/bucuresti10km.ro\/voluntariat-eveniment-sportiv-bucharest-10k-grand-prix\/#primaryimage"},"thumbnailUrl":"https:\/\/bucuresti10km.ro\/media\/voluntar_in_sport-1024x1024-1-1024x1024.jpeg","datePublished":"2017-02-03T14:58:24+00:00","dateModified":"2024-10-30T15:05:59+00:00","description":"Voluntar \u00een sport dore\u0219te s\u0103 devin\u0103 un reper pentru voluntariatul din domeniul sportiv in Rom\u00e2nia.","breadcrumb":{"@id":"https:\/\/bucuresti10km.ro\/voluntariat-eveniment-sportiv-bucharest-10k-grand-prix\/#breadcrumb"},"inLanguage":"en-GB","potentialAction":[{"@type":"ReadAction","target":["https:\/\/bucuresti10km.ro\/voluntariat-eveniment-sportiv-bucharest-10k-grand-prix\/"]}]},{"@type":"ImageObject","inLanguage":"en-GB","@id":"https:\/\/bucuresti10km.ro\/voluntariat-eveniment-sportiv-bucharest-10k-grand-prix\/#primaryimage","url":"https:\/\/bucuresti10km.ro\/media\/voluntar_in_sport-1024x1024-1-1024x1024.jpeg","contentUrl":"https:\/\/bucuresti10km.ro\/media\/voluntar_in_sport-1024x1024-1-1024x1024.jpeg"},{"@type":"BreadcrumbList","@id":"https:\/\/bucuresti10km.ro\/voluntariat-eveniment-sportiv-bucharest-10k-grand-prix\/#breadcrumb","itemListElement":[{"@type":"ListItem","position":1,"name":"Home","item":"https:\/\/bucuresti10km.ro\/"},{"@type":"ListItem","position":2,"name":"Voluntariat"}]},{"@type":"WebSite","@id":"https:\/\/bucuresti10km.ro\/#website","url":"https:\/\/bucuresti10km.ro\/","name":"Bucharest 10K GRAND PRIX | #RunInBucharest","description":"","publisher":{"@id":"https:\/\/bucuresti10km.ro\/#organization"},"potentialAction":[{"@type":"SearchAction","target":{"@type":"EntryPoint","urlTemplate":"https:\/\/bucuresti10km.ro\/?s={search_term_string}"},"query-input":{"@type":"PropertyValueSpecification","valueRequired":true,"valueName":"search_term_string"}}],"inLanguage":"en-GB"},{"@type":"Organization","@id":"https:\/\/bucuresti10km.ro\/#organization","name":"Bucharest Running Club #RunInBucharest","url":"https:\/\/bucuresti10km.ro\/","logo":{"@type":"ImageObject","inLanguage":"en-GB","@id":"https:\/\/bucuresti10km.ro\/#\/schema\/logo\/image\/","url":"http:\/\/bucuresti10km.ro\/media\/rib_300_x_300.png","contentUrl":"http:\/\/bucuresti10km.ro\/media\/rib_300_x_300.png","width":300,"height":300,"caption":"Bucharest Running Club #RunInBucharest"},"image":{"@id":"https:\/\/bucuresti10km.ro\/#\/schema\/logo\/image\/"},"sameAs":["https:\/\/www.facebook.com\/Bucharest10km\/","https:\/\/x.com\/runinbucharest","https:\/\/www.instagram.com\/runinbucharest\/","https:\/\/www.youtube.com\/channel\/UCzDKuV0tkMe5LSsImaDVt2g"]}]}},"_links":{"self":[{"href":"https:\/\/bucuresti10km.ro\/en\/wp-json\/wp\/v2\/pages\/1474"}],"collection":[{"href":"https:\/\/bucuresti10km.ro\/en\/wp-json\/wp\/v2\/pages"}],"about":[{"href":"https:\/\/bucuresti10km.ro\/en\/wp-json\/wp\/v2\/types\/page"}],"author":[{"embeddable":true,"href":"https:\/\/bucuresti10km.ro\/en\/wp-json\/wp\/v2\/users\/11"}],"replies":[{"embeddable":true,"href":"https:\/\/bucuresti10km.ro\/en\/wp-json\/wp\/v2\/comments?post=1474"}],"version-history":[{"count":43,"href":"https:\/\/bucuresti10km.ro\/en\/wp-json\/wp\/v2\/pages\/1474\/revisions"}],"predecessor-version":[{"id":7285,"href":"https:\/\/bucuresti10km.ro\/en\/wp-json\/wp\/v2\/pages\/1474\/revisions\/7285"}],"wp:attachment":[{"href":"https:\/\/bucuresti10km.ro\/en\/wp-json\/wp\/v2\/media?parent=1474"}],"curies":[{"name":"wp","href":"https:\/\/api.w.org\/{rel}","templated":true}]}}