{"id":1175,"date":"2016-03-28T10:48:50","date_gmt":"2016-03-28T10:48:50","guid":{"rendered":"http:\/\/bucuresti10km.ro\/?page_id=1175"},"modified":"2024-10-30T15:03:51","modified_gmt":"2024-10-30T15:03:51","slug":"program-eveniment","status":"publish","type":"page","link":"https:\/\/bucuresti10km.ro\/en\/program-eveniment\/","title":{"rendered":"Event schedule"},"content":{"rendered":"<div data-elementor-type=\"wp-page\" data-elementor-id=\"1175\" class=\"elementor elementor-1175\" data-elementor-post-type=\"page\">\n\t\t\t\t\t\t<section class=\"elementor-section elementor-top-section elementor-element elementor-element-e64bc40 elementor-section-boxed elementor-section-height-default elementor-section-height-default\" data-id=\"e64bc40\" data-element_type=\"section\">\n\t\t\t\t\t\t<div class=\"elementor-container elementor-column-gap-default\">\n\t\t\t\t\t<div class=\"elementor-column elementor-col-100 elementor-top-column elementor-element elementor-element-edb5064\" data-id=\"edb5064\" data-element_type=\"column\">\n\t\t\t<div class=\"elementor-widget-wrap elementor-element-populated\">\n\t\t\t\t\t\t<div class=\"elementor-element elementor-element-9178d01 elementor-widget elementor-widget-heading\" data-id=\"9178d01\" data-element_type=\"widget\" data-widget_type=\"heading.default\">\n\t\t\t\t<div class=\"elementor-widget-container\">\n\t\t\t<h2 class=\"elementor-heading-title elementor-size-default\">PROGRAM EVENIMENT<\/h2>\t\t<\/div>\n\t\t\t\t<\/div>\n\t\t\t\t\t<\/div>\n\t\t<\/div>\n\t\t\t\t\t<\/div>\n\t\t<\/section>\n\t\t\t\t<section class=\"elementor-section elementor-top-section elementor-element elementor-element-44e0761c elementor-section-boxed elementor-section-height-default elementor-section-height-default\" data-id=\"44e0761c\" data-element_type=\"section\">\n\t\t\t\t\t\t<div class=\"elementor-container elementor-column-gap-default\">\n\t\t\t\t\t<div class=\"elementor-column elementor-col-100 elementor-top-column elementor-element elementor-element-48811a0f\" data-id=\"48811a0f\" data-element_type=\"column\">\n\t\t\t<div class=\"elementor-widget-wrap elementor-element-populated\">\n\t\t\t\t\t\t<div class=\"elementor-element elementor-element-eac6548 elementor-alert-info elementor-widget elementor-widget-alert\" data-id=\"eac6548\" data-element_type=\"widget\" data-widget_type=\"alert.default\">\n\t\t\t\t<div class=\"elementor-widget-container\">\n\t\t\t\t\t<div class=\"elementor-alert\" role=\"alert\">\n\n\t\t\t\t\t\t<span class=\"elementor-alert-title\">LOCA\u021aIE RIDICARE KITURI - PIATA CONSTITU\u021aIEI<\/span>\n\t\t\t\n\t\t\t\n\t\t\t\n\t\t<\/div>\n\t\t\t\t<\/div>\n\t\t\t\t<\/div>\n\t\t\t\t<div class=\"elementor-element elementor-element-b04a404 elementor-widget elementor-widget-google_maps\" data-id=\"b04a404\" data-element_type=\"widget\" data-widget_type=\"google_maps.default\">\n\t\t\t\t<div class=\"elementor-widget-container\">\n\t\t\t\t\t<div class=\"elementor-custom-embed\">\n\t\t\t<iframe loading=\"lazy\"\n\t\t\t\t\tdata-src=\"https:\/\/maps.google.com\/maps?q=Piata%20Constitutiei&#038;t=m&#038;z=18&#038;output=embed&#038;iwloc=near\"\n\t\t\t\t\ttitle=\"Piata Constitutiei\"\n\t\t\t\t\taria-label=\"Piata Constitutiei\"\n\t\t\t src=\"data:image\/gif;base64,R0lGODlhAQABAAAAACH5BAEKAAEALAAAAAABAAEAAAICTAEAOw==\" class=\"lazyload\" data-load-mode=\"1\"><\/iframe>\n\t\t<\/div>\n\t\t\t\t<\/div>\n\t\t\t\t<\/div>\n\t\t\t\t<div class=\"elementor-element elementor-element-8d5efde elementor-widget elementor-widget-text-editor\" data-id=\"8d5efde\" data-element_type=\"widget\" data-widget_type=\"text-editor.default\">\n\t\t\t\t<div class=\"elementor-widget-container\">\n\t\t\t\t\t\t\t<h5>Kiturile se ridica din Piata Constitutiei<\/h5>\t\t\t\t\t\t<\/div>\n\t\t\t\t<\/div>\n\t\t\t\t<div class=\"elementor-element elementor-element-b274c70 elementor-alert-info elementor-widget elementor-widget-alert\" data-id=\"b274c70\" data-element_type=\"widget\" data-widget_type=\"alert.default\">\n\t\t\t\t<div class=\"elementor-widget-container\">\n\t\t\t\t\t<div class=\"elementor-alert\" role=\"alert\">\n\n\t\t\t\t\t\t<span class=\"elementor-alert-title\">VINERI - 28 IUNIE 2024<\/span>\n\t\t\t\n\t\t\t\n\t\t\t\n\t\t<\/div>\n\t\t\t\t<\/div>\n\t\t\t\t<\/div>\n\t\t\t\t<div class=\"elementor-element elementor-element-c49ddc4 elementor-widget elementor-widget-text-editor\" data-id=\"c49ddc4\" data-element_type=\"widget\" data-widget_type=\"text-editor.default\">\n\t\t\t\t<div class=\"elementor-widget-container\">\n\t\t\t\t\t\t\t<h4>16:00 &#8211; 20:00 &#8211; Inscrieri noi &amp;\u00a0 ridicare kit-uri<\/h4>\t\t\t\t\t\t<\/div>\n\t\t\t\t<\/div>\n\t\t\t\t<div class=\"elementor-element elementor-element-85f95e4 elementor-alert-danger elementor-widget elementor-widget-alert\" data-id=\"85f95e4\" data-element_type=\"widget\" data-widget_type=\"alert.default\">\n\t\t\t\t<div class=\"elementor-widget-container\">\n\t\t\t\t\t<div class=\"elementor-alert\" role=\"alert\">\n\n\t\t\t\t\t\t<span class=\"elementor-alert-title\">S\u00c2MB\u0102T\u0102 - 29 IUNIE 2024<\/span>\n\t\t\t\n\t\t\t\n\t\t\t\n\t\t<\/div>\n\t\t\t\t<\/div>\n\t\t\t\t<\/div>\n\t\t\t\t<div class=\"elementor-element elementor-element-cabc33a elementor-widget elementor-widget-text-editor\" data-id=\"cabc33a\" data-element_type=\"widget\" data-widget_type=\"text-editor.default\">\n\t\t\t\t<div class=\"elementor-widget-container\">\n\t\t\t\t\t\t\t<h4>12:00 &#8211; 17:30 &#8211; Ridicare Kit-uri cursa 5 km<\/h4><h4>12:00 &#8211; 20:00 &#8211; Ridicare Kit-uri cursa 10 km<\/h4><h4>18:30 &#8211; 18:50 &#8211; Incalzire\u00a0 5km<\/h4><h4><strong>18:45 &#8211; START Fotolii Rulante 5km<\/strong><\/h4><h4><strong>19:00 &#8211; START Cursa 5km<\/strong><\/h4><h4>19:40 &#8211; 20:00 &#8211; Premiere cursa 5km<\/h4><h4>20:00 &#8211; 20:30 &#8211; Concert The MONO Jacks<\/h4><h4>20:30 &#8211; 20:45 &#8211; Incalzire\u00a0 10km<\/h4><h4>20:45 &#8211; START Fotolii Rulante 10km<\/h4><h4>21:00 &#8211; START Cursa 10km<\/h4><h4>21:30 &#8211; START Premiere Cursa 10km\u00a0<\/h4>\t\t\t\t\t\t<\/div>\n\t\t\t\t<\/div>\n\t\t\t\t<div class=\"elementor-element elementor-element-7cb76ad elementor-widget elementor-widget-spacer\" data-id=\"7cb76ad\" data-element_type=\"widget\" data-widget_type=\"spacer.default\">\n\t\t\t\t<div class=\"elementor-widget-container\">\n\t\t\t\t\t<div class=\"elementor-spacer\">\n\t\t\t<div class=\"elementor-spacer-inner\"><\/div>\n\t\t<\/div>\n\t\t\t\t<\/div>\n\t\t\t\t<\/div>\n\t\t\t\t\t<\/div>\n\t\t<\/div>\n\t\t\t\t\t<\/div>\n\t\t<\/section>\n\t\t\t\t<section class=\"elementor-section elementor-top-section elementor-element elementor-element-18f8649c elementor-section-full_width elementor-section-stretched elementor-section-height-default elementor-section-height-default\" data-id=\"18f8649c\" data-element_type=\"section\" data-settings=\"{&quot;stretch_section&quot;:&quot;section-stretched&quot;}\">\n\t\t\t\t\t\t<div class=\"elementor-container elementor-column-gap-default\">\n\t\t\t\t\t<div class=\"elementor-column elementor-col-25 elementor-top-column elementor-element elementor-element-7ffe15c7\" data-id=\"7ffe15c7\" data-element_type=\"column\">\n\t\t\t<div class=\"elementor-widget-wrap elementor-element-populated\">\n\t\t\t\t\t\t<div class=\"elementor-element elementor-element-4c706053 elementor-widget elementor-widget-image\" data-id=\"4c706053\" data-element_type=\"widget\" data-widget_type=\"image.default\">\n\t\t\t\t<div class=\"elementor-widget-container\">\n\t\t\t\t\t\t\t\t\t\t\t\t\t<img decoding=\"async\" width=\"200\" height=\"126\" data-src=\"https:\/\/bucuresti10km.ro\/media\/cropped-logo_10k_white.png\" class=\"attachment-medium_large size-medium_large wp-image-6725 lazyload\" alt=\"\" data-srcset=\"https:\/\/bucuresti10km.ro\/media\/\/cropped-logo_10k_white.png 200w, https:\/\/bucuresti10km.ro\/media\/\/cropped-logo_10k_white-18x12.png 18w\" data-sizes=\"(max-width: 200px) 100vw, 200px\" src=\"data:image\/gif;base64,R0lGODlhAQABAAAAACH5BAEKAAEALAAAAAABAAEAAAICTAEAOw==\" style=\"--smush-placeholder-width: 200px; --smush-placeholder-aspect-ratio: 200\/126;\" \/><noscript><img decoding=\"async\" width=\"200\" height=\"126\" src=\"https:\/\/bucuresti10km.ro\/media\/cropped-logo_10k_white.png\" class=\"attachment-medium_large size-medium_large wp-image-6725\" alt=\"\" srcset=\"https:\/\/bucuresti10km.ro\/media\/\/cropped-logo_10k_white.png 200w, https:\/\/bucuresti10km.ro\/media\/\/cropped-logo_10k_white-18x12.png 18w\" sizes=\"(max-width: 200px) 100vw, 200px\" \/><\/noscript>\t\t\t\t\t\t\t\t\t\t\t\t\t<\/div>\n\t\t\t\t<\/div>\n\t\t\t\t\t<\/div>\n\t\t<\/div>\n\t\t\t\t<div class=\"elementor-column elementor-col-25 elementor-top-column elementor-element elementor-element-4697ee28\" data-id=\"4697ee28\" data-element_type=\"column\">\n\t\t\t<div class=\"elementor-widget-wrap elementor-element-populated\">\n\t\t\t\t\t\t<div class=\"elementor-element elementor-element-c0e6081 elementor-widget elementor-widget-text-editor\" data-id=\"c0e6081\" data-element_type=\"widget\" data-widget_type=\"text-editor.default\">\n\t\t\t\t<div class=\"elementor-widget-container\">\n\t\t\t\t\t\t\t<p><strong>ACS<\/strong><strong>\u00a0Bucharest Running Club<\/strong><\/p><p>Armeneasca 23A, Sector 2<\/p><p>email: register@runinbucharest.com<\/p><p>telefon: 0737 027 617<\/p>\t\t\t\t\t\t<\/div>\n\t\t\t\t<\/div>\n\t\t\t\t\t<\/div>\n\t\t<\/div>\n\t\t\t\t<div class=\"elementor-column elementor-col-25 elementor-top-column elementor-element elementor-element-596e9a04\" data-id=\"596e9a04\" data-element_type=\"column\">\n\t\t\t<div class=\"elementor-widget-wrap elementor-element-populated\">\n\t\t\t\t\t\t<div class=\"elementor-element elementor-element-2797306f elementor-shape-circle elementor-grid-0 e-grid-align-center elementor-widget elementor-widget-social-icons\" data-id=\"2797306f\" data-element_type=\"widget\" data-settings=\"{&quot;_animation&quot;:&quot;none&quot;}\" data-widget_type=\"social-icons.default\">\n\t\t\t\t<div class=\"elementor-widget-container\">\n\t\t\t\t\t<div class=\"elementor-social-icons-wrapper elementor-grid\">\n\t\t\t\t\t\t\t<span class=\"elementor-grid-item\">\n\t\t\t\t\t<a class=\"elementor-icon elementor-social-icon elementor-social-icon-facebook elementor-repeater-item-23a266b\" href=\"https:\/\/www.facebook.com\/Bucharest10km\" target=\"_blank\">\n\t\t\t\t\t\t<span class=\"elementor-screen-only\">Facebook<\/span>\n\t\t\t\t\t\t<i class=\"fab fa-facebook\"><\/i>\t\t\t\t\t<\/a>\n\t\t\t\t<\/span>\n\t\t\t\t\t\t\t<span class=\"elementor-grid-item\">\n\t\t\t\t\t<a class=\"elementor-icon elementor-social-icon elementor-social-icon-instagram elementor-repeater-item-3439914\" href=\"https:\/\/www.instagram.com\/bucharest_10k_grandprix\/\" target=\"_blank\">\n\t\t\t\t\t\t<span class=\"elementor-screen-only\">Instagram<\/span>\n\t\t\t\t\t\t<i class=\"fab fa-instagram\"><\/i>\t\t\t\t\t<\/a>\n\t\t\t\t<\/span>\n\t\t\t\t\t\t\t<span class=\"elementor-grid-item\">\n\t\t\t\t\t<a class=\"elementor-icon elementor-social-icon elementor-social-icon-tiktok elementor-repeater-item-6cf2f6a\" href=\"https:\/\/www.tiktok.com\/@runinbucharest\" target=\"_blank\">\n\t\t\t\t\t\t<span class=\"elementor-screen-only\">Tiktok<\/span>\n\t\t\t\t\t\t<i class=\"fab fa-tiktok\"><\/i>\t\t\t\t\t<\/a>\n\t\t\t\t<\/span>\n\t\t\t\t\t\t\t<span class=\"elementor-grid-item\">\n\t\t\t\t\t<a class=\"elementor-icon elementor-social-icon elementor-social-icon-twitter elementor-repeater-item-c725e38\" href=\"https:\/\/twitter.com\/runinbucharest\" target=\"_blank\">\n\t\t\t\t\t\t<span class=\"elementor-screen-only\">Twitter<\/span>\n\t\t\t\t\t\t<i class=\"fab fa-twitter\"><\/i>\t\t\t\t\t<\/a>\n\t\t\t\t<\/span>\n\t\t\t\t\t\t\t<span class=\"elementor-grid-item\">\n\t\t\t\t\t<a class=\"elementor-icon elementor-social-icon elementor-social-icon-youtube elementor-repeater-item-e5fa3c0\" href=\"https:\/\/www.youtube.com\/runinbucharest\" target=\"_blank\">\n\t\t\t\t\t\t<span class=\"elementor-screen-only\">Youtube<\/span>\n\t\t\t\t\t\t<i class=\"fab fa-youtube\"><\/i>\t\t\t\t\t<\/a>\n\t\t\t\t<\/span>\n\t\t\t\t\t<\/div>\n\t\t\t\t<\/div>\n\t\t\t\t<\/div>\n\t\t\t\t\t<\/div>\n\t\t<\/div>\n\t\t\t\t<div class=\"elementor-column elementor-col-25 elementor-top-column elementor-element elementor-element-5189e29a\" data-id=\"5189e29a\" data-element_type=\"column\">\n\t\t\t<div class=\"elementor-widget-wrap elementor-element-populated\">\n\t\t\t\t\t\t<div class=\"elementor-element elementor-element-2177c542 elementor-widget elementor-widget-image\" data-id=\"2177c542\" data-element_type=\"widget\" data-widget_type=\"image.default\">\n\t\t\t\t<div class=\"elementor-widget-container\">\n\t\t\t\t\t\t\t\t\t\t\t\t\t\t<a href=\"https:\/\/runinbucharest.com\/\">\n\t\t\t\t\t\t\t<img fetchpriority=\"high\" decoding=\"async\" width=\"300\" height=\"168\" src=\"https:\/\/bucuresti10km.ro\/media\/rib_white-300x168.png\" class=\"attachment-medium size-medium wp-image-4936\" alt=\"\" srcset=\"https:\/\/bucuresti10km.ro\/media\/rib_white-300x168.png 300w, https:\/\/bucuresti10km.ro\/media\/rib_white-1024x574.png 1024w, https:\/\/bucuresti10km.ro\/media\/rib_white-18x10.png 18w, https:\/\/bucuresti10km.ro\/media\/rib_white.png 1532w\" sizes=\"(max-width: 300px) 100vw, 300px\" \/>\t\t\t\t\t\t\t\t<\/a>\n\t\t\t\t\t\t\t\t\t\t\t\t\t<\/div>\n\t\t\t\t<\/div>\n\t\t\t\t\t<\/div>\n\t\t<\/div>\n\t\t\t\t\t<\/div>\n\t\t<\/section>\n\t\t\t\t<\/div>","protected":false},"excerpt":{"rendered":"<p>PROGRAM EVENIMENT LOCA\u021aIE RIDICARE KITURI &#8211; PIATA CONSTITU\u021aIEI Kiturile se ridica din Piata Constitutiei VINERI &#8211; 28 IUNIE 2024 16:00 &#8211; 20:00 &#8211; Inscrieri noi &amp;\u00a0 ridicare kit-uri S\u00c2MB\u0102T\u0102 &#8211; 29 IUNIE 2024 12:00 &#8211; 17:30 &#8211; Ridicare Kit-uri cursa 5 km 12:00 &#8211; 20:00 &#8211; Ridicare Kit-uri cursa 10 km 18:30 &#8211; 18:50 &#8211;&hellip;&nbsp;<a href=\"https:\/\/bucuresti10km.ro\/en\/program-eveniment\/\" rel=\"bookmark\">Read More &raquo;<span class=\"screen-reader-text\">Event schedule<\/span><\/a><\/p>","protected":false},"author":5,"featured_media":0,"parent":0,"menu_order":0,"comment_status":"closed","ping_status":"closed","template":"","meta":{"_eb_attr":"","_monsterinsights_skip_tracking":false,"_monsterinsights_sitenote_active":false,"_monsterinsights_sitenote_note":"","_monsterinsights_sitenote_category":0,"neve_meta_sidebar":"","neve_meta_container":"","neve_meta_enable_content_width":"off","neve_meta_content_width":0,"neve_meta_title_alignment":"","neve_meta_author_avatar":"","neve_post_elements_order":"","neve_meta_disable_header":"","neve_meta_disable_footer":"","neve_meta_disable_title":"on","neve_meta_reading_time":"","_themeisle_gutenberg_block_has_review":false,"footnotes":""},"class_list":["post-1175","page","type-page","status-publish","hentry"],"yoast_head":"<!-- This site is optimized with the Yoast SEO plugin v23.7 - https:\/\/yoast.com\/wordpress\/plugins\/seo\/ -->\n<title>Program eveniment - Bucharest 10K GRAND PRIX<\/title>\n<meta name=\"description\" content=\"Program eveniment Bucharest 10K GRAND PRIX. Alearg\u0103 10km sau 5km in Bucuresti, cele mai populare curse de alergare sunt aici.\" \/>\n<meta name=\"robots\" content=\"index, follow, max-snippet:-1, max-image-preview:large, max-video-preview:-1\" \/>\n<link rel=\"canonical\" href=\"https:\/\/bucuresti10km.ro\/en\/program-eveniment\/\" \/>\n<meta property=\"og:locale\" content=\"en_GB\" \/>\n<meta property=\"og:type\" content=\"article\" \/>\n<meta property=\"og:title\" content=\"Program eveniment - Bucharest 10K GRAND PRIX\" \/>\n<meta property=\"og:description\" content=\"Program eveniment Bucharest 10K GRAND PRIX. Alearg\u0103 10km sau 5km in Bucuresti, cele mai populare curse de alergare sunt aici.\" \/>\n<meta property=\"og:url\" content=\"https:\/\/bucuresti10km.ro\/en\/program-eveniment\/\" \/>\n<meta property=\"og:site_name\" content=\"Bucharest 10K GRAND PRIX | #RunInBucharest\" \/>\n<meta property=\"article:publisher\" content=\"https:\/\/www.facebook.com\/Bucharest10km\/\" \/>\n<meta property=\"article:modified_time\" content=\"2024-10-30T15:03:51+00:00\" \/>\n<meta property=\"og:image\" content=\"https:\/\/bucuresti10km.ro\/media\/cropped-logo_10k_white.png\" \/>\n<meta name=\"twitter:card\" content=\"summary_large_image\" \/>\n<meta name=\"twitter:site\" content=\"@runinbucharest\" \/>\n<meta name=\"twitter:label1\" content=\"Estimated reading time\" \/>\n\t<meta name=\"twitter:data1\" content=\"1 minute\" \/>\n<script type=\"application\/ld+json\" class=\"yoast-schema-graph\">{\"@context\":\"https:\/\/schema.org\",\"@graph\":[{\"@type\":\"WebPage\",\"@id\":\"https:\/\/bucuresti10km.ro\/program-eveniment\/\",\"url\":\"https:\/\/bucuresti10km.ro\/program-eveniment\/\",\"name\":\"Program eveniment - Bucharest 10K GRAND PRIX\",\"isPartOf\":{\"@id\":\"https:\/\/bucuresti10km.ro\/#website\"},\"primaryImageOfPage\":{\"@id\":\"https:\/\/bucuresti10km.ro\/program-eveniment\/#primaryimage\"},\"image\":{\"@id\":\"https:\/\/bucuresti10km.ro\/program-eveniment\/#primaryimage\"},\"thumbnailUrl\":\"https:\/\/bucuresti10km.ro\/media\/cropped-logo_10k_white.png\",\"datePublished\":\"2016-03-28T10:48:50+00:00\",\"dateModified\":\"2024-10-30T15:03:51+00:00\",\"description\":\"Program eveniment Bucharest 10K GRAND PRIX. Alearg\u0103 10km sau 5km in Bucuresti, cele mai populare curse de alergare sunt aici.\",\"breadcrumb\":{\"@id\":\"https:\/\/bucuresti10km.ro\/program-eveniment\/#breadcrumb\"},\"inLanguage\":\"en-GB\",\"potentialAction\":[{\"@type\":\"ReadAction\",\"target\":[\"https:\/\/bucuresti10km.ro\/program-eveniment\/\"]}]},{\"@type\":\"ImageObject\",\"inLanguage\":\"en-GB\",\"@id\":\"https:\/\/bucuresti10km.ro\/program-eveniment\/#primaryimage\",\"url\":\"https:\/\/bucuresti10km.ro\/media\/cropped-logo_10k_white.png\",\"contentUrl\":\"https:\/\/bucuresti10km.ro\/media\/cropped-logo_10k_white.png\"},{\"@type\":\"BreadcrumbList\",\"@id\":\"https:\/\/bucuresti10km.ro\/program-eveniment\/#breadcrumb\",\"itemListElement\":[{\"@type\":\"ListItem\",\"position\":1,\"name\":\"Home\",\"item\":\"https:\/\/bucuresti10km.ro\/\"},{\"@type\":\"ListItem\",\"position\":2,\"name\":\"Program eveniment\"}]},{\"@type\":\"WebSite\",\"@id\":\"https:\/\/bucuresti10km.ro\/#website\",\"url\":\"https:\/\/bucuresti10km.ro\/\",\"name\":\"Bucharest 10K GRAND PRIX | #RunInBucharest\",\"description\":\"\",\"publisher\":{\"@id\":\"https:\/\/bucuresti10km.ro\/#organization\"},\"potentialAction\":[{\"@type\":\"SearchAction\",\"target\":{\"@type\":\"EntryPoint\",\"urlTemplate\":\"https:\/\/bucuresti10km.ro\/?s={search_term_string}\"},\"query-input\":{\"@type\":\"PropertyValueSpecification\",\"valueRequired\":true,\"valueName\":\"search_term_string\"}}],\"inLanguage\":\"en-GB\"},{\"@type\":\"Organization\",\"@id\":\"https:\/\/bucuresti10km.ro\/#organization\",\"name\":\"Bucharest Running Club #RunInBucharest\",\"url\":\"https:\/\/bucuresti10km.ro\/\",\"logo\":{\"@type\":\"ImageObject\",\"inLanguage\":\"en-GB\",\"@id\":\"https:\/\/bucuresti10km.ro\/#\/schema\/logo\/image\/\",\"url\":\"http:\/\/bucuresti10km.ro\/media\/rib_300_x_300.png\",\"contentUrl\":\"http:\/\/bucuresti10km.ro\/media\/rib_300_x_300.png\",\"width\":300,\"height\":300,\"caption\":\"Bucharest Running Club #RunInBucharest\"},\"image\":{\"@id\":\"https:\/\/bucuresti10km.ro\/#\/schema\/logo\/image\/\"},\"sameAs\":[\"https:\/\/www.facebook.com\/Bucharest10km\/\",\"https:\/\/x.com\/runinbucharest\",\"https:\/\/www.instagram.com\/runinbucharest\/\",\"https:\/\/www.youtube.com\/channel\/UCzDKuV0tkMe5LSsImaDVt2g\"]}]}<\/script>\n<!-- \/ Yoast SEO plugin. -->","yoast_head_json":{"title":"Program eveniment - Bucharest 10K GRAND PRIX","description":"Program eveniment Bucharest 10K GRAND PRIX. Alearg\u0103 10km sau 5km in Bucuresti, cele mai populare curse de alergare sunt aici.","robots":{"index":"index","follow":"follow","max-snippet":"max-snippet:-1","max-image-preview":"max-image-preview:large","max-video-preview":"max-video-preview:-1"},"canonical":"https:\/\/bucuresti10km.ro\/en\/program-eveniment\/","og_locale":"en_GB","og_type":"article","og_title":"Program eveniment - Bucharest 10K GRAND PRIX","og_description":"Program eveniment Bucharest 10K GRAND PRIX. Alearg\u0103 10km sau 5km in Bucuresti, cele mai populare curse de alergare sunt aici.","og_url":"https:\/\/bucuresti10km.ro\/en\/program-eveniment\/","og_site_name":"Bucharest 10K GRAND PRIX | #RunInBucharest","article_publisher":"https:\/\/www.facebook.com\/Bucharest10km\/","article_modified_time":"2024-10-30T15:03:51+00:00","og_image":[{"url":"https:\/\/bucuresti10km.ro\/media\/cropped-logo_10k_white.png"}],"twitter_card":"summary_large_image","twitter_site":"@runinbucharest","twitter_misc":{"Estimated reading time":"1 minute"},"schema":{"@context":"https:\/\/schema.org","@graph":[{"@type":"WebPage","@id":"https:\/\/bucuresti10km.ro\/program-eveniment\/","url":"https:\/\/bucuresti10km.ro\/program-eveniment\/","name":"Program eveniment - Bucharest 10K GRAND PRIX","isPartOf":{"@id":"https:\/\/bucuresti10km.ro\/#website"},"primaryImageOfPage":{"@id":"https:\/\/bucuresti10km.ro\/program-eveniment\/#primaryimage"},"image":{"@id":"https:\/\/bucuresti10km.ro\/program-eveniment\/#primaryimage"},"thumbnailUrl":"https:\/\/bucuresti10km.ro\/media\/cropped-logo_10k_white.png","datePublished":"2016-03-28T10:48:50+00:00","dateModified":"2024-10-30T15:03:51+00:00","description":"Program eveniment Bucharest 10K GRAND PRIX. Alearg\u0103 10km sau 5km in Bucuresti, cele mai populare curse de alergare sunt aici.","breadcrumb":{"@id":"https:\/\/bucuresti10km.ro\/program-eveniment\/#breadcrumb"},"inLanguage":"en-GB","potentialAction":[{"@type":"ReadAction","target":["https:\/\/bucuresti10km.ro\/program-eveniment\/"]}]},{"@type":"ImageObject","inLanguage":"en-GB","@id":"https:\/\/bucuresti10km.ro\/program-eveniment\/#primaryimage","url":"https:\/\/bucuresti10km.ro\/media\/cropped-logo_10k_white.png","contentUrl":"https:\/\/bucuresti10km.ro\/media\/cropped-logo_10k_white.png"},{"@type":"BreadcrumbList","@id":"https:\/\/bucuresti10km.ro\/program-eveniment\/#breadcrumb","itemListElement":[{"@type":"ListItem","position":1,"name":"Home","item":"https:\/\/bucuresti10km.ro\/"},{"@type":"ListItem","position":2,"name":"Program eveniment"}]},{"@type":"WebSite","@id":"https:\/\/bucuresti10km.ro\/#website","url":"https:\/\/bucuresti10km.ro\/","name":"Bucharest 10K GRAND PRIX | #RunInBucharest","description":"","publisher":{"@id":"https:\/\/bucuresti10km.ro\/#organization"},"potentialAction":[{"@type":"SearchAction","target":{"@type":"EntryPoint","urlTemplate":"https:\/\/bucuresti10km.ro\/?s={search_term_string}"},"query-input":{"@type":"PropertyValueSpecification","valueRequired":true,"valueName":"search_term_string"}}],"inLanguage":"en-GB"},{"@type":"Organization","@id":"https:\/\/bucuresti10km.ro\/#organization","name":"Bucharest Running Club #RunInBucharest","url":"https:\/\/bucuresti10km.ro\/","logo":{"@type":"ImageObject","inLanguage":"en-GB","@id":"https:\/\/bucuresti10km.ro\/#\/schema\/logo\/image\/","url":"http:\/\/bucuresti10km.ro\/media\/rib_300_x_300.png","contentUrl":"http:\/\/bucuresti10km.ro\/media\/rib_300_x_300.png","width":300,"height":300,"caption":"Bucharest Running Club #RunInBucharest"},"image":{"@id":"https:\/\/bucuresti10km.ro\/#\/schema\/logo\/image\/"},"sameAs":["https:\/\/www.facebook.com\/Bucharest10km\/","https:\/\/x.com\/runinbucharest","https:\/\/www.instagram.com\/runinbucharest\/","https:\/\/www.youtube.com\/channel\/UCzDKuV0tkMe5LSsImaDVt2g"]}]}},"_links":{"self":[{"href":"https:\/\/bucuresti10km.ro\/en\/wp-json\/wp\/v2\/pages\/1175"}],"collection":[{"href":"https:\/\/bucuresti10km.ro\/en\/wp-json\/wp\/v2\/pages"}],"about":[{"href":"https:\/\/bucuresti10km.ro\/en\/wp-json\/wp\/v2\/types\/page"}],"author":[{"embeddable":true,"href":"https:\/\/bucuresti10km.ro\/en\/wp-json\/wp\/v2\/users\/5"}],"replies":[{"embeddable":true,"href":"https:\/\/bucuresti10km.ro\/en\/wp-json\/wp\/v2\/comments?post=1175"}],"version-history":[{"count":206,"href":"https:\/\/bucuresti10km.ro\/en\/wp-json\/wp\/v2\/pages\/1175\/revisions"}],"predecessor-version":[{"id":7273,"href":"https:\/\/bucuresti10km.ro\/en\/wp-json\/wp\/v2\/pages\/1175\/revisions\/7273"}],"wp:attachment":[{"href":"https:\/\/bucuresti10km.ro\/en\/wp-json\/wp\/v2\/media?parent=1175"}],"curies":[{"name":"wp","href":"https:\/\/api.w.org\/{rel}","templated":true}]}}